{"id":3,"date":"2021-11-06T06:16:24","date_gmt":"2021-11-06T05:16:24","guid":{"rendered":"https:\/\/www.eeelmas.com\/?page_id=3"},"modified":"2023-04-13T08:19:34","modified_gmt":"2023-04-13T06:19:34","slug":"datenschutzerklaerung","status":"publish","type":"page","link":"https:\/\/www.eeelmas.com\/index.php\/datenschutzerklaerung\/","title":{"rendered":"K\u00fcnye &#8211; Anla\u015fma"},"content":{"rendered":"\n<p><\/p>\n\n\n<p style=\"text-align: center;\"><span style=\"font-size: 14pt; font-family: tahoma, arial, helvetica, sans-serif; color: #990be6;\"><span style=\"font-size: 18pt;\">K\u00fcnye &#8211; Genel anla\u015fma \u015fartlar\u0131 &#8211; Telif haklar\u0131<\/span><br \/><\/span><\/p>\n\n\n<div style=\"height:100px\" aria-hidden=\"true\" class=\"wp-block-spacer\"><\/div>\n\n\n<div class=\"wp-block-image\">\n<figure class=\"aligncenter size-large\"><img loading=\"lazy\" decoding=\"async\" width=\"1024\" height=\"853\" src=\"https:\/\/www.eeelmas.com\/wp-content\/uploads\/2022\/01\/pexels-mihis-alex-21008-1024x853.jpg\" alt=\"\" class=\"wp-image-695\"\/><\/figure>\n<\/div>\n\n\n<div style=\"height:100px\" aria-hidden=\"true\" class=\"wp-block-spacer\"><\/div>\n\n\n<p style=\"text-align: center;\"><span style=\"font-size: 14pt; color: #7f00ff;\"><span style=\"font-family: tahoma, arial, helvetica, sans-serif;\">T\u00fcm i\u00e7erikten sorumlu olan ki\u015fi: Ayla Kurt<\/span><\/span><\/p>\n\n\n<div style=\"height:55px\" aria-hidden=\"true\" class=\"wp-block-spacer\"><\/div>\n\n\n<p style=\"text-align: center;\"><span style=\"color: #7f00ff; font-size: 14pt;\">E-posta vas\u0131tas\u0131yla ki\u015fisel geli\u015fimle alakal\u0131 her t\u00fcrl\u00fc sorular\u0131nla bana ba\u015fvura bilirsin&#8230;\u00a0<\/span><\/p>\n\n\n<div style=\"height:100px\" aria-hidden=\"true\" class=\"wp-block-spacer\"><\/div>\n\n\n<p style=\"text-align: center;\"><span style=\"font-size: 14pt; color: #ff007f;\"><a href=\"mailto:aylakurt@gmx.com\"><span style=\"color: #6600cc;\"><span style=\"font-family: tahoma, arial, helvetica, sans-serif;\">Eposta<\/span><\/span><\/a> <\/span><\/p>\n\n\n<div style=\"height:100px\" aria-hidden=\"true\" class=\"wp-block-spacer\"><\/div>\n\n\n<p style=\"text-align: right;\"><span style=\"font-size: 8pt; font-family: tahoma, arial, helvetica, sans-serif; color: #7f00ff;\">11.2022\/13.04.23<\/span><\/p>","protected":false},"excerpt":{"rendered":"<p>K\u00fcnye &#8211; Genel anla\u015fma \u015fartlar\u0131 &#8211; Telif haklar\u0131 T\u00fcm i\u00e7erikten sorumlu olan ki\u015fi: Ayla Kurt E-posta vas\u0131tas\u0131yla ki\u015fisel geli\u015fimle alakal\u0131 her t\u00fcrl\u00fc sorular\u0131nla bana ba\u015fvura &hellip;<\/p>\n","protected":false},"author":1,"featured_media":0,"parent":0,"menu_order":0,"comment_status":"closed","ping_status":"open","template":"","meta":{"_uag_custom_page_level_css":"","footnotes":""},"class_list":["post-3","page","type-page","status-publish","hentry"],"uagb_featured_image_src":{"full":false,"thumbnail":false,"medium":false,"medium_large":false,"large":false,"1536x1536":false,"2048x2048":false,"post-thumbnail":false,"bravada-featured":false,"bravada-featured-lp":false,"bravada-featured-half":false,"bravada-featured-third":false,"bravada-lpbox-1":false,"bravada-lpbox-2":false,"woocommerce_thumbnail":false,"woocommerce_single":false,"woocommerce_gallery_thumbnail":false},"uagb_author_info":{"display_name":"elmas","author_link":"https:\/\/www.eeelmas.com\/index.php\/author\/elmas2\/"},"uagb_comment_info":0,"uagb_excerpt":"K\u00fcnye &#8211; Genel anla\u015fma \u015fartlar\u0131 &#8211; Telif haklar\u0131 T\u00fcm i\u00e7erikten sorumlu olan ki\u015fi: Ayla Kurt E-posta vas\u0131tas\u0131yla ki\u015fisel geli\u015fimle alakal\u0131 her t\u00fcrl\u00fc sorular\u0131nla bana ba\u015fvura &hellip;","_links":{"self":[{"href":"https:\/\/www.eeelmas.com\/index.php\/wp-json\/wp\/v2\/pages\/3","targetHints":{"allow":["GET"]}}],"collection":[{"href":"https:\/\/www.eeelmas.com\/index.php\/wp-json\/wp\/v2\/pages"}],"about":[{"href":"https:\/\/www.eeelmas.com\/index.php\/wp-json\/wp\/v2\/types\/page"}],"author":[{"embeddable":true,"href":"https:\/\/www.eeelmas.com\/index.php\/wp-json\/wp\/v2\/users\/1"}],"replies":[{"embeddable":true,"href":"https:\/\/www.eeelmas.com\/index.php\/wp-json\/wp\/v2\/comments?post=3"}],"version-history":[{"count":10,"href":"https:\/\/www.eeelmas.com\/index.php\/wp-json\/wp\/v2\/pages\/3\/revisions"}],"predecessor-version":[{"id":5044,"href":"https:\/\/www.eeelmas.com\/index.php\/wp-json\/wp\/v2\/pages\/3\/revisions\/5044"}],"wp:attachment":[{"href":"https:\/\/www.eeelmas.com\/index.php\/wp-json\/wp\/v2\/media?parent=3"}],"curies":[{"name":"wp","href":"https:\/\/api.w.org\/{rel}","templated":true}]}}