{"id":4664,"date":"2022-10-23T05:31:32","date_gmt":"2022-10-23T03:31:32","guid":{"rendered":"https:\/\/www.eeelmas.com\/?post_type=product&#038;p=4664"},"modified":"2022-10-23T07:45:57","modified_gmt":"2022-10-23T05:45:57","slug":"4664","status":"publish","type":"product","link":"https:\/\/www.eeelmas.com\/index.php\/produkt\/4664\/","title":{"rendered":"Hayat Mucizesi"},"content":{"rendered":"<p><img loading=\"lazy\" decoding=\"async\" class=\"aligncenter wp-image-4667\" src=\"https:\/\/www.eeelmas.com\/wp-content\/uploads\/2022\/10\/2L06UQV-300x300.jpg\" alt=\"\" width=\"700\" height=\"1246\" srcset=\"https:\/\/www.eeelmas.com\/wp-content\/uploads\/2022\/10\/2L06UQV-scaled-600x1068.jpg 600w, https:\/\/www.eeelmas.com\/wp-content\/uploads\/2022\/10\/2L06UQV-863x1536.jpg 863w, https:\/\/www.eeelmas.com\/wp-content\/uploads\/2022\/10\/2L06UQV-1150x2048.jpg 1150w, https:\/\/www.eeelmas.com\/wp-content\/uploads\/2022\/10\/2L06UQV-168x300.jpg 168w, https:\/\/www.eeelmas.com\/wp-content\/uploads\/2022\/10\/2L06UQV-scaled.jpg 1438w\" sizes=\"auto, (max-width: 700px) 100vw, 700px\" \/><\/p>\n","protected":false},"excerpt":{"rendered":"<p><span style=\"color: #7f00ff; font-size: 14pt;\"><span style=\"font-family: Tahoma, serif;\"><span lang=\"tr-TR\"><u>Hayat Mucizesi<\/u><\/span><\/span><\/span><\/p>\n<p><span style=\"font-size: 14pt; color: #7f00ff;\"><span style=\"font-family: Tahoma, serif;\"><span lang=\"tr-TR\">Ametist ta\u015flar\u0131ndan parlak ipe dizilerek d\u00fc\u011f\u00fcmlenmi\u015f kolye. <\/span><\/span><span style=\"font-family: Tahoma, serif;\">Sade ama bir o kadar da \u015f\u0131k bir kolye. El yap\u0131m\u0131d\u0131r:<\/span><\/span><\/p>\n<p><span style=\"color: #7f00ff; font-size: 14pt;\"><span style=\"font-family: Tahoma, serif;\">Kolyenin uzunlu\u011fu 68 cm<\/span><\/span><\/p>\n<p><span style=\"color: #7f00ff; font-size: 14pt;\"><span style=\"font-family: Tahoma, serif;\">Ametist ta\u015flar\u0131n\u0131n ebat\u0131 1 cm<\/span><\/span><\/p>\n<p><span style=\"color: #7f00ff; font-size: 14pt;\"><span style=\"font-family: Tahoma, serif;\">Dizilmi\u015f her ta\u015f\u0131n aras\u0131 3 cm<\/span><\/span><\/p>\n<p><span style=\"color: #7f00ff; font-size: 14pt;\"><span style=\"font-family: Tahoma, serif;\">Parlak ve esnek 2mm kal\u0131nl\u0131\u011f\u0131nda dekoratif ipin \u00fczerine d\u00fc\u011f\u00fcmlenmi\u015ftir.\u00a0<\/span><\/span><\/p>\n<p><span style=\"color: #7f00ff; font-size: 14pt;\"><span style=\"font-family: Tahoma, serif;\"><span lang=\"en-US\">Fiyat\u0131 ise 580 TL.<\/span><\/span><\/span><\/p>\n<p><span style=\"color: #7f00ff; font-size: 14pt;\"><span style=\"font-family: Tahoma, serif;\"><span lang=\"en-US\">Ametistin bize faydalar\u0131:<\/span><\/span><\/span><\/p>\n<p><span style=\"color: #7f00ff; font-size: 14pt;\"><span style=\"font-family: Tahoma, serif;\"><span lang=\"en-US\">Ametist her t\u00fcrl\u00fc ba\u011f\u0131ml\u0131l\u0131\u011fa zamanla \u015fifa verir; kendinle bar\u0131\u015fmay\u0131 sa\u011flar; kederi ve gam\u0131 al\u0131r hayat sevinci ve ne\u015fe verir; kaybetme ac\u0131s\u0131n\u0131 al\u0131r; enerji, huzur ve canl\u0131l\u0131k verir; yabanc\u0131lara ait negatif enerjileri i\u00e7imizde d\u00f6n\u00fc\u015ft\u00fcr\u00fcr ve transforme eder, ayr\u0131ca da refah verir.<\/span><\/span><\/span><\/p>\n","protected":false},"featured_media":4668,"comment_status":"open","ping_status":"closed","template":"","meta":{"_uag_custom_page_level_css":""},"product_brand":[],"product_cat":[36],"product_tag":[],"class_list":{"0":"post-4664","1":"product","2":"type-product","3":"status-publish","4":"has-post-thumbnail","6":"product_cat-unkategorisiert","8":"first","9":"instock","10":"taxable","11":"shipping-taxable","12":"purchasable","13":"product-type-simple"},"uagb_featured_image_src":{"full":["https:\/\/www.eeelmas.com\/wp-content\/uploads\/2022\/10\/2PPPJ8I-scaled.jpg",1438,2560,false],"thumbnail":["https:\/\/www.eeelmas.com\/wp-content\/uploads\/2022\/10\/2PPPJ8I-150x150.jpg",150,150,true],"medium":["https:\/\/www.eeelmas.com\/wp-content\/uploads\/2022\/10\/2PPPJ8I-300x300.jpg",300,300,true],"medium_large":["https:\/\/www.eeelmas.com\/wp-content\/uploads\/2022\/10\/2PPPJ8I-768x768.jpg",768,768,true],"large":["https:\/\/www.eeelmas.com\/wp-content\/uploads\/2022\/10\/2PPPJ8I-1024x1024.jpg",1024,1024,true],"1536x1536":["https:\/\/www.eeelmas.com\/wp-content\/uploads\/2022\/10\/2PPPJ8I-863x1536.jpg",863,1536,true],"2048x2048":["https:\/\/www.eeelmas.com\/wp-content\/uploads\/2022\/10\/2PPPJ8I-1150x2048.jpg",1150,2048,true],"post-thumbnail":["https:\/\/www.eeelmas.com\/wp-content\/uploads\/2022\/10\/2PPPJ8I-168x300.jpg",168,300,true],"bravada-featured":["https:\/\/www.eeelmas.com\/wp-content\/uploads\/2022\/10\/2PPPJ8I-583x300.jpg",583,300,true],"bravada-featured-lp":["https:\/\/www.eeelmas.com\/wp-content\/uploads\/2022\/10\/2PPPJ8I-620x300.jpg",620,300,true],"bravada-featured-half":["https:\/\/www.eeelmas.com\/wp-content\/uploads\/2022\/10\/2PPPJ8I-800x300.jpg",800,300,true],"bravada-featured-third":["https:\/\/www.eeelmas.com\/wp-content\/uploads\/2022\/10\/2PPPJ8I-512x300.jpg",512,300,true],"bravada-lpbox-1":["https:\/\/www.eeelmas.com\/wp-content\/uploads\/2022\/10\/2PPPJ8I-640x300.jpg",640,300,true],"bravada-lpbox-2":["https:\/\/www.eeelmas.com\/wp-content\/uploads\/2022\/10\/2PPPJ8I-413x300.jpg",413,300,true],"woocommerce_thumbnail":["https:\/\/www.eeelmas.com\/wp-content\/uploads\/2022\/10\/2PPPJ8I-scaled-300x300.jpg",300,300,true],"woocommerce_single":["https:\/\/www.eeelmas.com\/wp-content\/uploads\/2022\/10\/2PPPJ8I-scaled-600x1068.jpg",600,1068,true],"woocommerce_gallery_thumbnail":["https:\/\/www.eeelmas.com\/wp-content\/uploads\/2022\/10\/2PPPJ8I-scaled-100x100.jpg",100,100,true]},"uagb_author_info":{"display_name":"elmas","author_link":"https:\/\/www.eeelmas.com\/index.php\/author\/"},"uagb_comment_info":63,"uagb_excerpt":"Hayat Mucizesi Ametist ta\u015flar\u0131ndan parlak ipe dizilerek d\u00fc\u011f\u00fcmlenmi\u015f kolye. Sade ama bir o kadar da \u015f\u0131k bir kolye. El yap\u0131m\u0131d\u0131r: Kolyenin uzunlu\u011fu 68 cm Ametist ta\u015flar\u0131n\u0131n ebat\u0131 1 cm Dizilmi\u015f her ta\u015f\u0131n aras\u0131 3 cm Parlak ve esnek 2mm kal\u0131nl\u0131\u011f\u0131nda dekoratif ipin \u00fczerine d\u00fc\u011f\u00fcmlenmi\u015ftir.\u00a0 Fiyat\u0131 ise 580 TL. Ametistin bize faydalar\u0131: Ametist her t\u00fcrl\u00fc ba\u011f\u0131ml\u0131l\u0131\u011fa&hellip;","_links":{"self":[{"href":"https:\/\/www.eeelmas.com\/index.php\/wp-json\/wp\/v2\/product\/4664","targetHints":{"allow":["GET"]}}],"collection":[{"href":"https:\/\/www.eeelmas.com\/index.php\/wp-json\/wp\/v2\/product"}],"about":[{"href":"https:\/\/www.eeelmas.com\/index.php\/wp-json\/wp\/v2\/types\/product"}],"replies":[{"embeddable":true,"href":"https:\/\/www.eeelmas.com\/index.php\/wp-json\/wp\/v2\/comments?post=4664"}],"wp:featuredmedia":[{"embeddable":true,"href":"https:\/\/www.eeelmas.com\/index.php\/wp-json\/wp\/v2\/media\/4668"}],"wp:attachment":[{"href":"https:\/\/www.eeelmas.com\/index.php\/wp-json\/wp\/v2\/media?parent=4664"}],"wp:term":[{"taxonomy":"product_brand","embeddable":true,"href":"https:\/\/www.eeelmas.com\/index.php\/wp-json\/wp\/v2\/product_brand?post=4664"},{"taxonomy":"product_cat","embeddable":true,"href":"https:\/\/www.eeelmas.com\/index.php\/wp-json\/wp\/v2\/product_cat?post=4664"},{"taxonomy":"product_tag","embeddable":true,"href":"https:\/\/www.eeelmas.com\/index.php\/wp-json\/wp\/v2\/product_tag?post=4664"}],"curies":[{"name":"wp","href":"https:\/\/api.w.org\/{rel}","templated":true}]}}