{"id":4676,"date":"2022-10-23T06:05:07","date_gmt":"2022-10-23T04:05:07","guid":{"rendered":"https:\/\/www.eeelmas.com\/?post_type=product&#038;p=4676"},"modified":"2023-04-11T09:13:17","modified_gmt":"2023-04-11T07:13:17","slug":"koesk","status":"publish","type":"product","link":"https:\/\/www.eeelmas.com\/index.php\/produkt\/koesk\/","title":{"rendered":"K\u00f6\u015fk"},"content":{"rendered":"<p><img loading=\"lazy\" decoding=\"async\" class=\"aligncenter wp-image-4677\" src=\"https:\/\/www.eeelmas.com\/wp-content\/uploads\/2022\/10\/I7HA4R-300x300.jpg\" alt=\"\" width=\"700\" height=\"614\" srcset=\"https:\/\/www.eeelmas.com\/wp-content\/uploads\/2022\/10\/I7HA4R-342x300.jpg 342w, https:\/\/www.eeelmas.com\/wp-content\/uploads\/2022\/10\/I7HA4R.jpg 578w\" sizes=\"auto, (max-width: 700px) 100vw, 700px\" \/><\/p>\n","protected":false},"excerpt":{"rendered":"<p><span style=\"color: #7f00ff; font-size: 14pt;\"><span style=\"font-family: Tahoma, serif;\"><u>K\u00f6\u015fk<\/u><\/span><\/span><\/p>\n<p><span style=\"color: #7f00ff; font-size: 14pt;\"><span style=\"font-family: Tahoma, serif;\">Esnek siyah renkli bir kolye band\u0131n\u0131n \u00fczerine d\u00fc\u011f\u00fcmlenmi\u015f muhte\u015fem bir kolye. Aventurin, Pembe Kuvars ve cam ye\u015fil parlak boncuklarla bezenmi\u015f.\u00a0Kolyenin uzunlu\u011fu 92 cm.<\/span><\/span><\/p>\n<p><span style=\"color: #7f00ff; font-size: 14pt;\"><span style=\"font-family: Tahoma, serif;\">Aventurin ta\u015f\u0131 insan\u0131 sakinle\u015ftirerek, ruhunun i\u00e7 dengesini sa\u011flar. Kuvvet, kendine g\u00fcven ve at\u0131ld\u0131\u011f\u0131 i\u015fi ba\u015far\u0131yla sonu\u00e7lama \u00f6zelli\u011fini i\u00e7selle\u015ftirir. Yunan antik \u00e7a\u011f\u0131nda ise insana cesaret verdi\u011fine inan\u0131l\u0131rm\u0131\u015f. Pembe kuvars ise sevginin, merhametin, hayat sevincinin ve i\u00e7sel \u00e7o\u015fkunlu\u011fun ta\u015f\u0131d\u0131r. Aventurin ta\u015f\u0131n\u0131n boyu 3,5 cm eni ise 1cm. Pembe Kuvarslar\u0131n ebat\u0131 1 cm. Ye\u015fil cam boncuklar\u0131n ebat\u0131 ise 4 mm. Fiyat\u0131 ise 590 TL.<\/span><\/span><\/p>\n","protected":false},"featured_media":4678,"comment_status":"open","ping_status":"closed","template":"","meta":{"_uag_custom_page_level_css":""},"product_brand":[],"product_cat":[36],"product_tag":[],"class_list":{"0":"post-4676","1":"product","2":"type-product","3":"status-publish","4":"has-post-thumbnail","6":"product_cat-unkategorisiert","8":"first","9":"instock","10":"taxable","11":"shipping-taxable","12":"purchasable","13":"product-type-simple"},"uagb_featured_image_src":{"full":["https:\/\/www.eeelmas.com\/wp-content\/uploads\/2022\/10\/I7HA4Q.jpg",876,1560,false],"thumbnail":["https:\/\/www.eeelmas.com\/wp-content\/uploads\/2022\/10\/I7HA4Q-150x150.jpg",150,150,true],"medium":["https:\/\/www.eeelmas.com\/wp-content\/uploads\/2022\/10\/I7HA4Q-300x300.jpg",300,300,true],"medium_large":["https:\/\/www.eeelmas.com\/wp-content\/uploads\/2022\/10\/I7HA4Q-768x768.jpg",768,768,true],"large":["https:\/\/www.eeelmas.com\/wp-content\/uploads\/2022\/10\/I7HA4Q-876x1024.jpg",876,1024,true],"1536x1536":["https:\/\/www.eeelmas.com\/wp-content\/uploads\/2022\/10\/I7HA4Q-863x1536.jpg",863,1536,true],"2048x2048":["https:\/\/www.eeelmas.com\/wp-content\/uploads\/2022\/10\/I7HA4Q.jpg",876,1560,false],"post-thumbnail":["https:\/\/www.eeelmas.com\/wp-content\/uploads\/2022\/10\/I7HA4Q-168x300.jpg",168,300,true],"bravada-featured":["https:\/\/www.eeelmas.com\/wp-content\/uploads\/2022\/10\/I7HA4Q-583x300.jpg",583,300,true],"bravada-featured-lp":["https:\/\/www.eeelmas.com\/wp-content\/uploads\/2022\/10\/I7HA4Q-620x300.jpg",620,300,true],"bravada-featured-half":["https:\/\/www.eeelmas.com\/wp-content\/uploads\/2022\/10\/I7HA4Q-800x300.jpg",800,300,true],"bravada-featured-third":["https:\/\/www.eeelmas.com\/wp-content\/uploads\/2022\/10\/I7HA4Q-512x300.jpg",512,300,true],"bravada-lpbox-1":["https:\/\/www.eeelmas.com\/wp-content\/uploads\/2022\/10\/I7HA4Q-640x300.jpg",640,300,true],"bravada-lpbox-2":["https:\/\/www.eeelmas.com\/wp-content\/uploads\/2022\/10\/I7HA4Q-413x300.jpg",413,300,true],"woocommerce_thumbnail":["https:\/\/www.eeelmas.com\/wp-content\/uploads\/2022\/10\/I7HA4Q-300x300.jpg",300,300,true],"woocommerce_single":["https:\/\/www.eeelmas.com\/wp-content\/uploads\/2022\/10\/I7HA4Q-600x1068.jpg",600,1068,true],"woocommerce_gallery_thumbnail":["https:\/\/www.eeelmas.com\/wp-content\/uploads\/2022\/10\/I7HA4Q-100x100.jpg",100,100,true]},"uagb_author_info":{"display_name":"elmas","author_link":"https:\/\/www.eeelmas.com\/index.php\/author\/"},"uagb_comment_info":0,"uagb_excerpt":"K\u00f6\u015fk Esnek siyah renkli bir kolye band\u0131n\u0131n \u00fczerine d\u00fc\u011f\u00fcmlenmi\u015f muhte\u015fem bir kolye. Aventurin, Pembe Kuvars ve cam ye\u015fil parlak boncuklarla bezenmi\u015f.\u00a0Kolyenin uzunlu\u011fu 92 cm. Aventurin ta\u015f\u0131 insan\u0131 sakinle\u015ftirerek, ruhunun i\u00e7 dengesini sa\u011flar. Kuvvet, kendine g\u00fcven ve at\u0131ld\u0131\u011f\u0131 i\u015fi ba\u015far\u0131yla sonu\u00e7lama \u00f6zelli\u011fini i\u00e7selle\u015ftirir. Yunan antik \u00e7a\u011f\u0131nda ise insana cesaret verdi\u011fine inan\u0131l\u0131rm\u0131\u015f. Pembe kuvars ise sevginin, merhametin,&hellip;","_links":{"self":[{"href":"https:\/\/www.eeelmas.com\/index.php\/wp-json\/wp\/v2\/product\/4676","targetHints":{"allow":["GET"]}}],"collection":[{"href":"https:\/\/www.eeelmas.com\/index.php\/wp-json\/wp\/v2\/product"}],"about":[{"href":"https:\/\/www.eeelmas.com\/index.php\/wp-json\/wp\/v2\/types\/product"}],"replies":[{"embeddable":true,"href":"https:\/\/www.eeelmas.com\/index.php\/wp-json\/wp\/v2\/comments?post=4676"}],"wp:featuredmedia":[{"embeddable":true,"href":"https:\/\/www.eeelmas.com\/index.php\/wp-json\/wp\/v2\/media\/4678"}],"wp:attachment":[{"href":"https:\/\/www.eeelmas.com\/index.php\/wp-json\/wp\/v2\/media?parent=4676"}],"wp:term":[{"taxonomy":"product_brand","embeddable":true,"href":"https:\/\/www.eeelmas.com\/index.php\/wp-json\/wp\/v2\/product_brand?post=4676"},{"taxonomy":"product_cat","embeddable":true,"href":"https:\/\/www.eeelmas.com\/index.php\/wp-json\/wp\/v2\/product_cat?post=4676"},{"taxonomy":"product_tag","embeddable":true,"href":"https:\/\/www.eeelmas.com\/index.php\/wp-json\/wp\/v2\/product_tag?post=4676"}],"curies":[{"name":"wp","href":"https:\/\/api.w.org\/{rel}","templated":true}]}}