{"id":4686,"date":"2022-10-23T07:22:57","date_gmt":"2022-10-23T05:22:57","guid":{"rendered":"https:\/\/www.eeelmas.com\/?post_type=product&#038;p=4686"},"modified":"2022-10-23T07:29:58","modified_gmt":"2022-10-23T05:29:58","slug":"4686","status":"publish","type":"product","link":"https:\/\/www.eeelmas.com\/index.php\/produkt\/4686\/","title":{"rendered":"Mavi R\u00fcya"},"content":{"rendered":"<p><img loading=\"lazy\" decoding=\"async\" class=\"aligncenter wp-image-4688\" src=\"https:\/\/www.eeelmas.com\/wp-content\/uploads\/2022\/10\/2WROSZA-300x300.jpg\" alt=\"\" width=\"700\" height=\"1247\" srcset=\"https:\/\/www.eeelmas.com\/wp-content\/uploads\/2022\/10\/2WROSZA-600x1068.jpg 600w, https:\/\/www.eeelmas.com\/wp-content\/uploads\/2022\/10\/2WROSZA-863x1536.jpg 863w, https:\/\/www.eeelmas.com\/wp-content\/uploads\/2022\/10\/2WROSZA-168x300.jpg 168w, https:\/\/www.eeelmas.com\/wp-content\/uploads\/2022\/10\/2WROSZA.jpg 876w\" sizes=\"auto, (max-width: 700px) 100vw, 700px\" \/><\/p>\n","protected":false},"excerpt":{"rendered":"<p lang=\"tr-TR\"><span style=\"color: #7f00ff; font-size: 14pt;\"><span style=\"font-family: Tahoma, serif;\"><u>Mavi R\u00fcya<\/u><\/span><\/span><\/p>\n<p><span style=\"color: #7f00ff; font-size: 14pt;\"><span style=\"font-family: Tahoma, serif;\">Mavi r\u00fcya \u00f6zenle a\u00e7\u0131k mavi ve koyu mavi, ayr\u0131ca siyah 2mm enlili\u011finde olan cam ve parlak boncuklardan ince parlak bir tele i\u015flenmi\u015f bir Kelebektir. Kelebe\u011fin kanatlar\u0131yla beraber eni 10 cm, boyu ise duyargalar\u0131ndan itibaren 6 cm&#8217;dir. Fiyat\u0131\u00a0<\/span><\/span><\/p>\n<p><span style=\"font-size: 14pt; color: #7f00ff;\"><span style=\"font-family: Tahoma, serif;\">ise Kargo dahil 620 TL<\/span><\/span><\/p>\n","protected":false},"featured_media":4689,"comment_status":"open","ping_status":"closed","template":"","meta":{"_uag_custom_page_level_css":""},"product_brand":[],"product_cat":[36],"product_tag":[],"class_list":{"0":"post-4686","1":"product","2":"type-product","3":"status-publish","4":"has-post-thumbnail","6":"product_cat-unkategorisiert","8":"first","9":"instock","10":"taxable","11":"shipping-taxable","12":"purchasable","13":"product-type-simple"},"uagb_featured_image_src":{"full":["https:\/\/www.eeelmas.com\/wp-content\/uploads\/2022\/10\/V8251DG.jpg",867,769,false],"thumbnail":["https:\/\/www.eeelmas.com\/wp-content\/uploads\/2022\/10\/V8251DG-150x150.jpg",150,150,true],"medium":["https:\/\/www.eeelmas.com\/wp-content\/uploads\/2022\/10\/V8251DG-300x300.jpg",300,300,true],"medium_large":["https:\/\/www.eeelmas.com\/wp-content\/uploads\/2022\/10\/V8251DG-768x768.jpg",768,768,true],"large":["https:\/\/www.eeelmas.com\/wp-content\/uploads\/2022\/10\/V8251DG.jpg",867,769,false],"1536x1536":["https:\/\/www.eeelmas.com\/wp-content\/uploads\/2022\/10\/V8251DG.jpg",867,769,false],"2048x2048":["https:\/\/www.eeelmas.com\/wp-content\/uploads\/2022\/10\/V8251DG.jpg",867,769,false],"post-thumbnail":["https:\/\/www.eeelmas.com\/wp-content\/uploads\/2022\/10\/V8251DG-338x300.jpg",338,300,true],"bravada-featured":["https:\/\/www.eeelmas.com\/wp-content\/uploads\/2022\/10\/V8251DG-583x300.jpg",583,300,true],"bravada-featured-lp":["https:\/\/www.eeelmas.com\/wp-content\/uploads\/2022\/10\/V8251DG-620x300.jpg",620,300,true],"bravada-featured-half":["https:\/\/www.eeelmas.com\/wp-content\/uploads\/2022\/10\/V8251DG-800x300.jpg",800,300,true],"bravada-featured-third":["https:\/\/www.eeelmas.com\/wp-content\/uploads\/2022\/10\/V8251DG-512x300.jpg",512,300,true],"bravada-lpbox-1":["https:\/\/www.eeelmas.com\/wp-content\/uploads\/2022\/10\/V8251DG-640x300.jpg",640,300,true],"bravada-lpbox-2":["https:\/\/www.eeelmas.com\/wp-content\/uploads\/2022\/10\/V8251DG-413x300.jpg",413,300,true],"woocommerce_thumbnail":["https:\/\/www.eeelmas.com\/wp-content\/uploads\/2022\/10\/V8251DG-300x300.jpg",300,300,true],"woocommerce_single":["https:\/\/www.eeelmas.com\/wp-content\/uploads\/2022\/10\/V8251DG-600x532.jpg",600,532,true],"woocommerce_gallery_thumbnail":["https:\/\/www.eeelmas.com\/wp-content\/uploads\/2022\/10\/V8251DG-100x100.jpg",100,100,true]},"uagb_author_info":{"display_name":"elmas","author_link":"https:\/\/www.eeelmas.com\/index.php\/author\/"},"uagb_comment_info":0,"uagb_excerpt":"Mavi R\u00fcya Mavi r\u00fcya \u00f6zenle a\u00e7\u0131k mavi ve koyu mavi, ayr\u0131ca siyah 2mm enlili\u011finde olan cam ve parlak boncuklardan ince parlak bir tele i\u015flenmi\u015f bir Kelebektir. Kelebe\u011fin kanatlar\u0131yla beraber eni 10 cm, boyu ise duyargalar\u0131ndan itibaren 6 cm'dir. Fiyat\u0131\u00a0 ise Kargo dahil 620 TL","_links":{"self":[{"href":"https:\/\/www.eeelmas.com\/index.php\/wp-json\/wp\/v2\/product\/4686","targetHints":{"allow":["GET"]}}],"collection":[{"href":"https:\/\/www.eeelmas.com\/index.php\/wp-json\/wp\/v2\/product"}],"about":[{"href":"https:\/\/www.eeelmas.com\/index.php\/wp-json\/wp\/v2\/types\/product"}],"replies":[{"embeddable":true,"href":"https:\/\/www.eeelmas.com\/index.php\/wp-json\/wp\/v2\/comments?post=4686"}],"wp:featuredmedia":[{"embeddable":true,"href":"https:\/\/www.eeelmas.com\/index.php\/wp-json\/wp\/v2\/media\/4689"}],"wp:attachment":[{"href":"https:\/\/www.eeelmas.com\/index.php\/wp-json\/wp\/v2\/media?parent=4686"}],"wp:term":[{"taxonomy":"product_brand","embeddable":true,"href":"https:\/\/www.eeelmas.com\/index.php\/wp-json\/wp\/v2\/product_brand?post=4686"},{"taxonomy":"product_cat","embeddable":true,"href":"https:\/\/www.eeelmas.com\/index.php\/wp-json\/wp\/v2\/product_cat?post=4686"},{"taxonomy":"product_tag","embeddable":true,"href":"https:\/\/www.eeelmas.com\/index.php\/wp-json\/wp\/v2\/product_tag?post=4686"}],"curies":[{"name":"wp","href":"https:\/\/api.w.org\/{rel}","templated":true}]}}