{"id":4691,"date":"2022-10-23T07:38:32","date_gmt":"2022-10-23T05:38:32","guid":{"rendered":"https:\/\/www.eeelmas.com\/?post_type=product&#038;p=4691"},"modified":"2022-10-23T07:38:32","modified_gmt":"2022-10-23T05:38:32","slug":"okyanus","status":"publish","type":"product","link":"https:\/\/www.eeelmas.com\/index.php\/produkt\/okyanus\/","title":{"rendered":"Okyanus"},"content":{"rendered":"<p><img loading=\"lazy\" decoding=\"async\" class=\"aligncenter wp-image-4692\" src=\"https:\/\/www.eeelmas.com\/wp-content\/uploads\/2022\/10\/2MST1KB-300x300.jpg\" alt=\"\" width=\"700\" height=\"1247\" srcset=\"https:\/\/www.eeelmas.com\/wp-content\/uploads\/2022\/10\/2MST1KB-168x300.jpg 168w, https:\/\/www.eeelmas.com\/wp-content\/uploads\/2022\/10\/2MST1KB.jpg 584w\" sizes=\"auto, (max-width: 700px) 100vw, 700px\" \/><\/p>\n","protected":false},"excerpt":{"rendered":"<p class=\"Normal tm5\"><span class=\"tm6\" style=\"font-size: 14pt; font-family: tahoma, arial, helvetica, sans-serif; color: #7f00ff;\">Okyanus<\/span><\/p>\n<p class=\"Normal tm5\"><span class=\"tm6\" style=\"font-size: 14pt; font-family: tahoma, arial, helvetica, sans-serif; color: #7f00ff;\">Esnek, olduk\u00e7a dayan\u0131kl\u0131 renkli parlak beyaz bir kolye band\u0131n\u0131n \u00fczerine d\u00fc\u011f\u00fcmlenmi\u015f muhte\u015fem bir kolye.\u00a0 Do\u011fal Sodalit ve Pembe Kuvars ta\u015flar\u0131ndan yap\u0131lm\u0131\u015ft\u0131r. Ayr\u0131ca 4 mm enlili\u011finde parlak cam koyu ve 2 mm \u00e7ap\u0131ndaki cam pembe parlak boncuklarla bezenmi\u015ftir.\u00a0 Kolyenin uzunlu\u011fu 88 cm. Pembe Kuvars ta\u015flar\u0131n eni 1 cm, Sodalitlerin eni ise 8 mm&#8217;dir. Fiyat\u0131 660 TL (Kargo dahil).<\/span><\/p>\n<p><span style=\"font-size: 14pt; color: #7f00ff; font-family: tahoma, arial, helvetica, sans-serif;\">Sodalit cesareti ve sorunlara kar\u015f\u0131 dayanma g\u00fcc\u00fcn\u00fc tetikler. Duygu duruma hakimiyet kazand\u0131r\u0131r, konsantrasyonu peki\u015ftirir ve fark\u0131ndal\u0131\u011f\u0131 art\u0131r\u0131r.\u00a0<\/span><\/p>\n<p>&nbsp;<\/p>\n","protected":false},"featured_media":4693,"comment_status":"open","ping_status":"closed","template":"","meta":{"_uag_custom_page_level_css":""},"product_brand":[],"product_cat":[36],"product_tag":[],"class_list":{"0":"post-4691","1":"product","2":"type-product","3":"status-publish","4":"has-post-thumbnail","6":"product_cat-unkategorisiert","8":"first","9":"instock","10":"taxable","11":"shipping-taxable","12":"purchasable","13":"product-type-simple"},"uagb_featured_image_src":{"full":["https:\/\/www.eeelmas.com\/wp-content\/uploads\/2022\/10\/18M428P.jpg",584,1040,false],"thumbnail":["https:\/\/www.eeelmas.com\/wp-content\/uploads\/2022\/10\/18M428P-150x150.jpg",150,150,true],"medium":["https:\/\/www.eeelmas.com\/wp-content\/uploads\/2022\/10\/18M428P-300x300.jpg",300,300,true],"medium_large":["https:\/\/www.eeelmas.com\/wp-content\/uploads\/2022\/10\/18M428P-584x768.jpg",584,768,true],"large":["https:\/\/www.eeelmas.com\/wp-content\/uploads\/2022\/10\/18M428P-584x1024.jpg",584,1024,true],"1536x1536":["https:\/\/www.eeelmas.com\/wp-content\/uploads\/2022\/10\/18M428P.jpg",584,1040,false],"2048x2048":["https:\/\/www.eeelmas.com\/wp-content\/uploads\/2022\/10\/18M428P.jpg",584,1040,false],"post-thumbnail":["https:\/\/www.eeelmas.com\/wp-content\/uploads\/2022\/10\/18M428P-168x300.jpg",168,300,true],"bravada-featured":["https:\/\/www.eeelmas.com\/wp-content\/uploads\/2022\/10\/18M428P-583x300.jpg",583,300,true],"bravada-featured-lp":["https:\/\/www.eeelmas.com\/wp-content\/uploads\/2022\/10\/18M428P-584x300.jpg",584,300,true],"bravada-featured-half":["https:\/\/www.eeelmas.com\/wp-content\/uploads\/2022\/10\/18M428P-584x300.jpg",584,300,true],"bravada-featured-third":["https:\/\/www.eeelmas.com\/wp-content\/uploads\/2022\/10\/18M428P-512x300.jpg",512,300,true],"bravada-lpbox-1":["https:\/\/www.eeelmas.com\/wp-content\/uploads\/2022\/10\/18M428P-584x300.jpg",584,300,true],"bravada-lpbox-2":["https:\/\/www.eeelmas.com\/wp-content\/uploads\/2022\/10\/18M428P-413x300.jpg",413,300,true],"woocommerce_thumbnail":["https:\/\/www.eeelmas.com\/wp-content\/uploads\/2022\/10\/18M428P-300x300.jpg",300,300,true],"woocommerce_single":["https:\/\/www.eeelmas.com\/wp-content\/uploads\/2022\/10\/18M428P.jpg",584,1040,false],"woocommerce_gallery_thumbnail":["https:\/\/www.eeelmas.com\/wp-content\/uploads\/2022\/10\/18M428P-100x100.jpg",100,100,true]},"uagb_author_info":{"display_name":"elmas","author_link":"https:\/\/www.eeelmas.com\/index.php\/author\/"},"uagb_comment_info":0,"uagb_excerpt":"Okyanus Esnek, olduk\u00e7a dayan\u0131kl\u0131 renkli parlak beyaz bir kolye band\u0131n\u0131n \u00fczerine d\u00fc\u011f\u00fcmlenmi\u015f muhte\u015fem bir kolye.\u00a0 Do\u011fal Sodalit ve Pembe Kuvars ta\u015flar\u0131ndan yap\u0131lm\u0131\u015ft\u0131r. Ayr\u0131ca 4 mm enlili\u011finde parlak cam koyu ve 2 mm \u00e7ap\u0131ndaki cam pembe parlak boncuklarla bezenmi\u015ftir.\u00a0 Kolyenin uzunlu\u011fu 88 cm. Pembe Kuvars ta\u015flar\u0131n eni 1 cm, Sodalitlerin eni ise 8 mm'dir. Fiyat\u0131 660&hellip;","_links":{"self":[{"href":"https:\/\/www.eeelmas.com\/index.php\/wp-json\/wp\/v2\/product\/4691","targetHints":{"allow":["GET"]}}],"collection":[{"href":"https:\/\/www.eeelmas.com\/index.php\/wp-json\/wp\/v2\/product"}],"about":[{"href":"https:\/\/www.eeelmas.com\/index.php\/wp-json\/wp\/v2\/types\/product"}],"replies":[{"embeddable":true,"href":"https:\/\/www.eeelmas.com\/index.php\/wp-json\/wp\/v2\/comments?post=4691"}],"wp:featuredmedia":[{"embeddable":true,"href":"https:\/\/www.eeelmas.com\/index.php\/wp-json\/wp\/v2\/media\/4693"}],"wp:attachment":[{"href":"https:\/\/www.eeelmas.com\/index.php\/wp-json\/wp\/v2\/media?parent=4691"}],"wp:term":[{"taxonomy":"product_brand","embeddable":true,"href":"https:\/\/www.eeelmas.com\/index.php\/wp-json\/wp\/v2\/product_brand?post=4691"},{"taxonomy":"product_cat","embeddable":true,"href":"https:\/\/www.eeelmas.com\/index.php\/wp-json\/wp\/v2\/product_cat?post=4691"},{"taxonomy":"product_tag","embeddable":true,"href":"https:\/\/www.eeelmas.com\/index.php\/wp-json\/wp\/v2\/product_tag?post=4691"}],"curies":[{"name":"wp","href":"https:\/\/api.w.org\/{rel}","templated":true}]}}