{"id":4695,"date":"2022-10-23T07:43:50","date_gmt":"2022-10-23T05:43:50","guid":{"rendered":"https:\/\/www.eeelmas.com\/?post_type=product&#038;p=4695"},"modified":"2022-10-23T07:43:50","modified_gmt":"2022-10-23T05:43:50","slug":"lalezar","status":"publish","type":"product","link":"https:\/\/www.eeelmas.com\/index.php\/produkt\/lalezar\/","title":{"rendered":"Lalezar"},"content":{"rendered":"<p><img loading=\"lazy\" decoding=\"async\" class=\"aligncenter wp-image-4696\" src=\"https:\/\/www.eeelmas.com\/wp-content\/uploads\/2022\/10\/2OXHIC9-300x300.jpg\" alt=\"\" width=\"700\" height=\"1247\" srcset=\"https:\/\/www.eeelmas.com\/wp-content\/uploads\/2022\/10\/2OXHIC9-168x300.jpg 168w, https:\/\/www.eeelmas.com\/wp-content\/uploads\/2022\/10\/2OXHIC9.jpg 584w\" sizes=\"auto, (max-width: 700px) 100vw, 700px\" \/><\/p>\n","protected":false},"excerpt":{"rendered":"<p><span style=\"color: #7f00ff; font-size: 14pt;\"><span style=\"font-family: Tahoma, serif;\"><u>Lalezar<\/u><\/span><\/span><\/p>\n<p><span style=\"color: #7f00ff; font-size: 14pt;\"><span style=\"font-family: Tahoma, serif;\">\u015eeffaf, esnek ve elastik kal\u0131n bir ipin \u00fczerine dizilmi\u015ftir. Ametist ta\u015flar\u0131 Nugget formundad\u0131rlar. Nugget formu ta\u015flara harika bir ahenk ve g\u00f6r\u00fcn\u00fcm verir ve yurt d\u0131\u015f\u0131ndaki insanlar taraf\u0131ndan \u00e7ok sevilip \u00e7ok be\u011fenilmi\u015ftir bu dizayn. Nuggetlerin \u00e7ap\u0131 de\u011fi\u015fken olmak \u00fczere enleri 0,5 cm\/0,6 cm\/0,7 cm\/1 cm, boylar\u0131 ise 0,5 cm\/0,6 cm\/1 cm\/1,2 cm aras\u0131d\u0131r. Bilekli\u011fin uzunlu\u011fu ise takriben 18 cm&#8217;dir. Fiyat\u0131 ise 550 TL.<\/span><\/span><\/p>\n<p><span style=\"color: #7f00ff; font-size: 14pt;\"><span style=\"font-family: Tahoma, serif;\"><br \/>\n<\/span><\/span><\/p>\n<p><span style=\"color: #7f00ff; font-size: 14pt;\"><span style=\"font-family: Tahoma, serif;\">Y\u00fcce Allah&#8217;\u0131n izni ile Ametistin\u00a0bize faydalar\u0131:<\/span><\/span><\/p>\n<p><span style=\"color: #7f00ff; font-size: 14pt;\"><span style=\"font-family: Tahoma, serif;\">Ametist her t\u00fcrl\u00fc ba\u011f\u0131ml\u0131l\u0131\u011fa zamanla \u015fifa verir; kendinle bar\u0131\u015fmay\u0131 sa\u011flar; kederi ve gam\u0131 al\u0131r hayat sevinci ve ne\u015fe verir; kaybetme ac\u0131s\u0131n\u0131 al\u0131r; enerji, huzur ve canl\u0131l\u0131k verir; yabanc\u0131lara ait negatif enerjileri i\u00e7imizde d\u00f6n\u00fc\u015ft\u00fcr\u00fcr ve transforme eder, ayr\u0131ca da refah verir&#8230;<\/span><\/span><\/p>\n","protected":false},"featured_media":4696,"comment_status":"open","ping_status":"closed","template":"","meta":{"_uag_custom_page_level_css":""},"product_brand":[],"product_cat":[36],"product_tag":[],"class_list":{"0":"post-4695","1":"product","2":"type-product","3":"status-publish","4":"has-post-thumbnail","6":"product_cat-unkategorisiert","8":"first","9":"instock","10":"taxable","11":"shipping-taxable","12":"purchasable","13":"product-type-simple"},"uagb_featured_image_src":{"full":["https:\/\/www.eeelmas.com\/wp-content\/uploads\/2022\/10\/2OXHIC9.jpg",584,1040,false],"thumbnail":["https:\/\/www.eeelmas.com\/wp-content\/uploads\/2022\/10\/2OXHIC9-150x150.jpg",150,150,true],"medium":["https:\/\/www.eeelmas.com\/wp-content\/uploads\/2022\/10\/2OXHIC9-300x300.jpg",300,300,true],"medium_large":["https:\/\/www.eeelmas.com\/wp-content\/uploads\/2022\/10\/2OXHIC9-584x768.jpg",584,768,true],"large":["https:\/\/www.eeelmas.com\/wp-content\/uploads\/2022\/10\/2OXHIC9-584x1024.jpg",584,1024,true],"1536x1536":["https:\/\/www.eeelmas.com\/wp-content\/uploads\/2022\/10\/2OXHIC9.jpg",584,1040,false],"2048x2048":["https:\/\/www.eeelmas.com\/wp-content\/uploads\/2022\/10\/2OXHIC9.jpg",584,1040,false],"post-thumbnail":["https:\/\/www.eeelmas.com\/wp-content\/uploads\/2022\/10\/2OXHIC9-168x300.jpg",168,300,true],"bravada-featured":["https:\/\/www.eeelmas.com\/wp-content\/uploads\/2022\/10\/2OXHIC9-583x300.jpg",583,300,true],"bravada-featured-lp":["https:\/\/www.eeelmas.com\/wp-content\/uploads\/2022\/10\/2OXHIC9-584x300.jpg",584,300,true],"bravada-featured-half":["https:\/\/www.eeelmas.com\/wp-content\/uploads\/2022\/10\/2OXHIC9-584x300.jpg",584,300,true],"bravada-featured-third":["https:\/\/www.eeelmas.com\/wp-content\/uploads\/2022\/10\/2OXHIC9-512x300.jpg",512,300,true],"bravada-lpbox-1":["https:\/\/www.eeelmas.com\/wp-content\/uploads\/2022\/10\/2OXHIC9-584x300.jpg",584,300,true],"bravada-lpbox-2":["https:\/\/www.eeelmas.com\/wp-content\/uploads\/2022\/10\/2OXHIC9-413x300.jpg",413,300,true],"woocommerce_thumbnail":["https:\/\/www.eeelmas.com\/wp-content\/uploads\/2022\/10\/2OXHIC9-300x300.jpg",300,300,true],"woocommerce_single":["https:\/\/www.eeelmas.com\/wp-content\/uploads\/2022\/10\/2OXHIC9.jpg",584,1040,false],"woocommerce_gallery_thumbnail":["https:\/\/www.eeelmas.com\/wp-content\/uploads\/2022\/10\/2OXHIC9-100x100.jpg",100,100,true]},"uagb_author_info":{"display_name":"elmas","author_link":"https:\/\/www.eeelmas.com\/index.php\/author\/"},"uagb_comment_info":0,"uagb_excerpt":"Lalezar \u015eeffaf, esnek ve elastik kal\u0131n bir ipin \u00fczerine dizilmi\u015ftir. Ametist ta\u015flar\u0131 Nugget formundad\u0131rlar. Nugget formu ta\u015flara harika bir ahenk ve g\u00f6r\u00fcn\u00fcm verir ve yurt d\u0131\u015f\u0131ndaki insanlar taraf\u0131ndan \u00e7ok sevilip \u00e7ok be\u011fenilmi\u015ftir bu dizayn. Nuggetlerin \u00e7ap\u0131 de\u011fi\u015fken olmak \u00fczere enleri 0,5 cm\/0,6 cm\/0,7 cm\/1 cm, boylar\u0131 ise 0,5 cm\/0,6 cm\/1 cm\/1,2 cm aras\u0131d\u0131r. Bilekli\u011fin uzunlu\u011fu&hellip;","_links":{"self":[{"href":"https:\/\/www.eeelmas.com\/index.php\/wp-json\/wp\/v2\/product\/4695","targetHints":{"allow":["GET"]}}],"collection":[{"href":"https:\/\/www.eeelmas.com\/index.php\/wp-json\/wp\/v2\/product"}],"about":[{"href":"https:\/\/www.eeelmas.com\/index.php\/wp-json\/wp\/v2\/types\/product"}],"replies":[{"embeddable":true,"href":"https:\/\/www.eeelmas.com\/index.php\/wp-json\/wp\/v2\/comments?post=4695"}],"wp:featuredmedia":[{"embeddable":true,"href":"https:\/\/www.eeelmas.com\/index.php\/wp-json\/wp\/v2\/media\/4696"}],"wp:attachment":[{"href":"https:\/\/www.eeelmas.com\/index.php\/wp-json\/wp\/v2\/media?parent=4695"}],"wp:term":[{"taxonomy":"product_brand","embeddable":true,"href":"https:\/\/www.eeelmas.com\/index.php\/wp-json\/wp\/v2\/product_brand?post=4695"},{"taxonomy":"product_cat","embeddable":true,"href":"https:\/\/www.eeelmas.com\/index.php\/wp-json\/wp\/v2\/product_cat?post=4695"},{"taxonomy":"product_tag","embeddable":true,"href":"https:\/\/www.eeelmas.com\/index.php\/wp-json\/wp\/v2\/product_tag?post=4695"}],"curies":[{"name":"wp","href":"https:\/\/api.w.org\/{rel}","templated":true}]}}