{"id":4700,"date":"2022-10-23T08:00:12","date_gmt":"2022-10-23T06:00:12","guid":{"rendered":"https:\/\/www.eeelmas.com\/?post_type=product&#038;p=4700"},"modified":"2022-10-23T08:00:12","modified_gmt":"2022-10-23T06:00:12","slug":"leylaklar","status":"publish","type":"product","link":"https:\/\/www.eeelmas.com\/index.php\/produkt\/leylaklar\/","title":{"rendered":"Leylaklar"},"content":{"rendered":"<p><img loading=\"lazy\" decoding=\"async\" class=\"aligncenter wp-image-4701\" src=\"https:\/\/www.eeelmas.com\/wp-content\/uploads\/2022\/10\/1-1-300x300.jpg\" alt=\"\" width=\"700\" height=\"1247\" srcset=\"https:\/\/www.eeelmas.com\/wp-content\/uploads\/2022\/10\/1-1-168x300.jpg 168w, https:\/\/www.eeelmas.com\/wp-content\/uploads\/2022\/10\/1-1.jpg 584w\" sizes=\"auto, (max-width: 700px) 100vw, 700px\" \/><\/p>\n","protected":false},"excerpt":{"rendered":"<p lang=\"tr-TR\"><span style=\"color: #7f00ff; font-size: 14pt; font-family: tahoma, arial, helvetica, sans-serif;\"><u>Leylaklar<\/u><\/span><\/p>\n<p><span style=\"font-size: 14pt; font-family: tahoma, arial, helvetica, sans-serif; color: #7f00ff;\">Esnek ve parlak siyah bir \u00f6rg\u00fc ipin \u00fczerine d\u00fc\u011f\u00fcmlenen enfes Mavi Kuvars ta\u015flar\u0131ndan bir kolye. Ta\u015flar\u0131n formu Nugget&#8217;e yak\u0131n bir form ve ebatlar\u0131 \u00e7ok de\u011fi\u015fken olarak enleri 0,5 cm\/0,7 cm\/1,2 cm\/1,5 cm, boylar\u0131 ise takriben 0,5 cm\/0,6 cm\/0,7 cm\/1 cm\/1,2 cm&#8217;dir. Kolyenin geneli uzunlu\u011fu ise 84 cm&#8217;dir. Nefes kesen g\u00f6r\u00fcnt\u00fcs\u00fcyle insan\u0131 b\u00fcy\u00fcleyen bir taraf\u0131 var bu kolyenin. Mavi Kuvars\u0131n \u015fifalar\u0131na gelince, gerginli\u011fi alarak ba\u015fa\u011fr\u0131s\u0131na iyi gelir. Ayr\u0131ca kararl\u0131l\u0131k duygusunu peki\u015ftirerek, daha net ve h\u0131zl\u0131 kararlar almam\u0131z\u0131 sa\u011flayarak, istikrarl\u0131l\u0131\u011f\u0131mizi tetikler. Fiyat\u0131 ise 880 TL.<\/span><\/p>\n","protected":false},"featured_media":4702,"comment_status":"open","ping_status":"closed","template":"","meta":{"_uag_custom_page_level_css":""},"product_brand":[],"product_cat":[36],"product_tag":[],"class_list":{"0":"post-4700","1":"product","2":"type-product","3":"status-publish","4":"has-post-thumbnail","6":"product_cat-unkategorisiert","8":"first","9":"instock","10":"taxable","11":"shipping-taxable","12":"purchasable","13":"product-type-simple"},"uagb_featured_image_src":{"full":["https:\/\/www.eeelmas.com\/wp-content\/uploads\/2022\/10\/2.jpg",584,1040,false],"thumbnail":["https:\/\/www.eeelmas.com\/wp-content\/uploads\/2022\/10\/2-150x150.jpg",150,150,true],"medium":["https:\/\/www.eeelmas.com\/wp-content\/uploads\/2022\/10\/2-300x300.jpg",300,300,true],"medium_large":["https:\/\/www.eeelmas.com\/wp-content\/uploads\/2022\/10\/2-584x768.jpg",584,768,true],"large":["https:\/\/www.eeelmas.com\/wp-content\/uploads\/2022\/10\/2-584x1024.jpg",584,1024,true],"1536x1536":["https:\/\/www.eeelmas.com\/wp-content\/uploads\/2022\/10\/2.jpg",584,1040,false],"2048x2048":["https:\/\/www.eeelmas.com\/wp-content\/uploads\/2022\/10\/2.jpg",584,1040,false],"post-thumbnail":["https:\/\/www.eeelmas.com\/wp-content\/uploads\/2022\/10\/2-168x300.jpg",168,300,true],"bravada-featured":["https:\/\/www.eeelmas.com\/wp-content\/uploads\/2022\/10\/2-583x300.jpg",583,300,true],"bravada-featured-lp":["https:\/\/www.eeelmas.com\/wp-content\/uploads\/2022\/10\/2-584x300.jpg",584,300,true],"bravada-featured-half":["https:\/\/www.eeelmas.com\/wp-content\/uploads\/2022\/10\/2-584x300.jpg",584,300,true],"bravada-featured-third":["https:\/\/www.eeelmas.com\/wp-content\/uploads\/2022\/10\/2-512x300.jpg",512,300,true],"bravada-lpbox-1":["https:\/\/www.eeelmas.com\/wp-content\/uploads\/2022\/10\/2-584x300.jpg",584,300,true],"bravada-lpbox-2":["https:\/\/www.eeelmas.com\/wp-content\/uploads\/2022\/10\/2-413x300.jpg",413,300,true],"woocommerce_thumbnail":["https:\/\/www.eeelmas.com\/wp-content\/uploads\/2022\/10\/2-300x300.jpg",300,300,true],"woocommerce_single":["https:\/\/www.eeelmas.com\/wp-content\/uploads\/2022\/10\/2.jpg",584,1040,false],"woocommerce_gallery_thumbnail":["https:\/\/www.eeelmas.com\/wp-content\/uploads\/2022\/10\/2-100x100.jpg",100,100,true]},"uagb_author_info":{"display_name":"elmas","author_link":"https:\/\/www.eeelmas.com\/index.php\/author\/"},"uagb_comment_info":0,"uagb_excerpt":"Leylaklar Esnek ve parlak siyah bir \u00f6rg\u00fc ipin \u00fczerine d\u00fc\u011f\u00fcmlenen enfes Mavi Kuvars ta\u015flar\u0131ndan bir kolye. Ta\u015flar\u0131n formu Nugget'e yak\u0131n bir form ve ebatlar\u0131 \u00e7ok de\u011fi\u015fken olarak enleri 0,5 cm\/0,7 cm\/1,2 cm\/1,5 cm, boylar\u0131 ise takriben 0,5 cm\/0,6 cm\/0,7 cm\/1 cm\/1,2 cm'dir. Kolyenin geneli uzunlu\u011fu ise 84 cm'dir. Nefes kesen g\u00f6r\u00fcnt\u00fcs\u00fcyle insan\u0131 b\u00fcy\u00fcleyen bir taraf\u0131&hellip;","_links":{"self":[{"href":"https:\/\/www.eeelmas.com\/index.php\/wp-json\/wp\/v2\/product\/4700","targetHints":{"allow":["GET"]}}],"collection":[{"href":"https:\/\/www.eeelmas.com\/index.php\/wp-json\/wp\/v2\/product"}],"about":[{"href":"https:\/\/www.eeelmas.com\/index.php\/wp-json\/wp\/v2\/types\/product"}],"replies":[{"embeddable":true,"href":"https:\/\/www.eeelmas.com\/index.php\/wp-json\/wp\/v2\/comments?post=4700"}],"wp:featuredmedia":[{"embeddable":true,"href":"https:\/\/www.eeelmas.com\/index.php\/wp-json\/wp\/v2\/media\/4702"}],"wp:attachment":[{"href":"https:\/\/www.eeelmas.com\/index.php\/wp-json\/wp\/v2\/media?parent=4700"}],"wp:term":[{"taxonomy":"product_brand","embeddable":true,"href":"https:\/\/www.eeelmas.com\/index.php\/wp-json\/wp\/v2\/product_brand?post=4700"},{"taxonomy":"product_cat","embeddable":true,"href":"https:\/\/www.eeelmas.com\/index.php\/wp-json\/wp\/v2\/product_cat?post=4700"},{"taxonomy":"product_tag","embeddable":true,"href":"https:\/\/www.eeelmas.com\/index.php\/wp-json\/wp\/v2\/product_tag?post=4700"}],"curies":[{"name":"wp","href":"https:\/\/api.w.org\/{rel}","templated":true}]}}