{"id":4718,"date":"2022-10-23T08:54:38","date_gmt":"2022-10-23T06:54:38","guid":{"rendered":"https:\/\/www.eeelmas.com\/?post_type=product&#038;p=4718"},"modified":"2022-10-24T06:35:35","modified_gmt":"2022-10-24T04:35:35","slug":"ruhsar","status":"publish","type":"product","link":"https:\/\/www.eeelmas.com\/index.php\/produkt\/ruhsar\/","title":{"rendered":"Ruhsar"},"content":{"rendered":"<p><img loading=\"lazy\" decoding=\"async\" class=\"aligncenter wp-image-4719\" src=\"https:\/\/www.eeelmas.com\/wp-content\/uploads\/2022\/10\/2FQ1DXI-300x300.jpg\" alt=\"\" width=\"700\" height=\"1247\" srcset=\"https:\/\/www.eeelmas.com\/wp-content\/uploads\/2022\/10\/2FQ1DXI-600x1068.jpg 600w, https:\/\/www.eeelmas.com\/wp-content\/uploads\/2022\/10\/2FQ1DXI-863x1536.jpg 863w, https:\/\/www.eeelmas.com\/wp-content\/uploads\/2022\/10\/2FQ1DXI-1150x2048.jpg 1150w, https:\/\/www.eeelmas.com\/wp-content\/uploads\/2022\/10\/2FQ1DXI-168x300.jpg 168w, https:\/\/www.eeelmas.com\/wp-content\/uploads\/2022\/10\/2FQ1DXI.jpg 1168w\" sizes=\"auto, (max-width: 700px) 100vw, 700px\" \/><\/p>\n","protected":false},"excerpt":{"rendered":"<p lang=\"tr-TR\"><span style=\"color: #7f00ff; font-size: 14pt; font-family: tahoma, arial, helvetica, sans-serif;\">Ruhsar<\/span><\/p>\n<p lang=\"tr-TR\"><span style=\"color: #7f00ff; font-size: 14pt; font-family: tahoma, arial, helvetica, sans-serif;\">Esnek, kal\u0131n ve parlak siyah bir \u00f6rg\u00fc ipiyle Shamballa tekni\u011fi ile \u00f6r\u00fclm\u00fc\u015f bir bileklik. \u015ea\u015f\u0131rma \u015fimdi l\u00fctfen, bu kez do\u011fal, yuvarlak, tombalak ve ah\u015faptan imal edilmi\u015f par\u00e7ac\u0131klar\u0131yla kar\u015f\u0131 kar\u015f\u0131yas\u0131n. Tombalaklar\u0131n \u00e7ap\u0131 ise 1 cm. T\u0131pk\u0131 benim gibi odundan yarat\u0131lan her\u015feye merak sarm\u0131\u015f birisi isen, bu tasar\u0131m tam senin ruhunun g\u00fczellikleriyle ahenk i\u00e7ine d\u00fc\u015febilecek olan bir bileklikle tan\u0131\u015ft\u0131n demektir. Bilekli\u011fin genel \u00e7ap\u0131 ise takriben 9 cm&#8217;dir, dolay\u0131s\u0131yla uzunlu\u011fu 19 cm. Ve bu Shamballa tekni\u011fi sayesinde dilersen e\u011fer, bilekli\u011fin \u00e7ap\u0131n\u0131 5 ila 6 cm aras\u0131 daha da geni\u015fletebilirsin. Fiyat\u0131 ise Kargo dahil 320 TL.<\/span><\/p>\n","protected":false},"featured_media":4720,"comment_status":"open","ping_status":"closed","template":"","meta":{"_uag_custom_page_level_css":""},"product_brand":[],"product_cat":[36],"product_tag":[],"class_list":{"0":"post-4718","1":"product","2":"type-product","3":"status-publish","4":"has-post-thumbnail","6":"product_cat-unkategorisiert","8":"first","9":"instock","10":"taxable","11":"shipping-taxable","12":"purchasable","13":"product-type-simple"},"uagb_featured_image_src":{"full":["https:\/\/www.eeelmas.com\/wp-content\/uploads\/2022\/10\/2FQ1DXD.jpg",1168,2080,false],"thumbnail":["https:\/\/www.eeelmas.com\/wp-content\/uploads\/2022\/10\/2FQ1DXD-150x150.jpg",150,150,true],"medium":["https:\/\/www.eeelmas.com\/wp-content\/uploads\/2022\/10\/2FQ1DXD-300x300.jpg",300,300,true],"medium_large":["https:\/\/www.eeelmas.com\/wp-content\/uploads\/2022\/10\/2FQ1DXD-768x768.jpg",768,768,true],"large":["https:\/\/www.eeelmas.com\/wp-content\/uploads\/2022\/10\/2FQ1DXD-1024x1024.jpg",1024,1024,true],"1536x1536":["https:\/\/www.eeelmas.com\/wp-content\/uploads\/2022\/10\/2FQ1DXD-863x1536.jpg",863,1536,true],"2048x2048":["https:\/\/www.eeelmas.com\/wp-content\/uploads\/2022\/10\/2FQ1DXD-1150x2048.jpg",1150,2048,true],"post-thumbnail":["https:\/\/www.eeelmas.com\/wp-content\/uploads\/2022\/10\/2FQ1DXD-168x300.jpg",168,300,true],"bravada-featured":["https:\/\/www.eeelmas.com\/wp-content\/uploads\/2022\/10\/2FQ1DXD-583x300.jpg",583,300,true],"bravada-featured-lp":["https:\/\/www.eeelmas.com\/wp-content\/uploads\/2022\/10\/2FQ1DXD-620x300.jpg",620,300,true],"bravada-featured-half":["https:\/\/www.eeelmas.com\/wp-content\/uploads\/2022\/10\/2FQ1DXD-800x300.jpg",800,300,true],"bravada-featured-third":["https:\/\/www.eeelmas.com\/wp-content\/uploads\/2022\/10\/2FQ1DXD-512x300.jpg",512,300,true],"bravada-lpbox-1":["https:\/\/www.eeelmas.com\/wp-content\/uploads\/2022\/10\/2FQ1DXD-640x300.jpg",640,300,true],"bravada-lpbox-2":["https:\/\/www.eeelmas.com\/wp-content\/uploads\/2022\/10\/2FQ1DXD-413x300.jpg",413,300,true],"woocommerce_thumbnail":["https:\/\/www.eeelmas.com\/wp-content\/uploads\/2022\/10\/2FQ1DXD-300x300.jpg",300,300,true],"woocommerce_single":["https:\/\/www.eeelmas.com\/wp-content\/uploads\/2022\/10\/2FQ1DXD-600x1068.jpg",600,1068,true],"woocommerce_gallery_thumbnail":["https:\/\/www.eeelmas.com\/wp-content\/uploads\/2022\/10\/2FQ1DXD-100x100.jpg",100,100,true]},"uagb_author_info":{"display_name":"elmas","author_link":"https:\/\/www.eeelmas.com\/index.php\/author\/"},"uagb_comment_info":0,"uagb_excerpt":"Ruhsar Esnek, kal\u0131n ve parlak siyah bir \u00f6rg\u00fc ipiyle Shamballa tekni\u011fi ile \u00f6r\u00fclm\u00fc\u015f bir bileklik. \u015ea\u015f\u0131rma \u015fimdi l\u00fctfen, bu kez do\u011fal, yuvarlak, tombalak ve ah\u015faptan imal edilmi\u015f par\u00e7ac\u0131klar\u0131yla kar\u015f\u0131 kar\u015f\u0131yas\u0131n. Tombalaklar\u0131n \u00e7ap\u0131 ise 1 cm. T\u0131pk\u0131 benim gibi odundan yarat\u0131lan her\u015feye merak sarm\u0131\u015f birisi isen, bu tasar\u0131m tam senin ruhunun g\u00fczellikleriyle ahenk i\u00e7ine d\u00fc\u015febilecek olan&hellip;","_links":{"self":[{"href":"https:\/\/www.eeelmas.com\/index.php\/wp-json\/wp\/v2\/product\/4718","targetHints":{"allow":["GET"]}}],"collection":[{"href":"https:\/\/www.eeelmas.com\/index.php\/wp-json\/wp\/v2\/product"}],"about":[{"href":"https:\/\/www.eeelmas.com\/index.php\/wp-json\/wp\/v2\/types\/product"}],"replies":[{"embeddable":true,"href":"https:\/\/www.eeelmas.com\/index.php\/wp-json\/wp\/v2\/comments?post=4718"}],"wp:featuredmedia":[{"embeddable":true,"href":"https:\/\/www.eeelmas.com\/index.php\/wp-json\/wp\/v2\/media\/4720"}],"wp:attachment":[{"href":"https:\/\/www.eeelmas.com\/index.php\/wp-json\/wp\/v2\/media?parent=4718"}],"wp:term":[{"taxonomy":"product_brand","embeddable":true,"href":"https:\/\/www.eeelmas.com\/index.php\/wp-json\/wp\/v2\/product_brand?post=4718"},{"taxonomy":"product_cat","embeddable":true,"href":"https:\/\/www.eeelmas.com\/index.php\/wp-json\/wp\/v2\/product_cat?post=4718"},{"taxonomy":"product_tag","embeddable":true,"href":"https:\/\/www.eeelmas.com\/index.php\/wp-json\/wp\/v2\/product_tag?post=4718"}],"curies":[{"name":"wp","href":"https:\/\/api.w.org\/{rel}","templated":true}]}}