{"id":4725,"date":"2022-10-24T05:53:12","date_gmt":"2022-10-24T03:53:12","guid":{"rendered":"https:\/\/www.eeelmas.com\/?post_type=product&#038;p=4725"},"modified":"2022-10-24T06:11:58","modified_gmt":"2022-10-24T04:11:58","slug":"kizilderili","status":"publish","type":"product","link":"https:\/\/www.eeelmas.com\/index.php\/produkt\/kizilderili\/","title":{"rendered":"K\u0131z\u0131lderili"},"content":{"rendered":"<p><img loading=\"lazy\" decoding=\"async\" class=\"aligncenter wp-image-4726\" src=\"https:\/\/www.eeelmas.com\/wp-content\/uploads\/2022\/10\/2FE3FGJ-300x300.jpg\" alt=\"\" width=\"700\" height=\"1706\" srcset=\"https:\/\/www.eeelmas.com\/wp-content\/uploads\/2022\/10\/2FE3FGJ-600x1463.jpg 600w, https:\/\/www.eeelmas.com\/wp-content\/uploads\/2022\/10\/2FE3FGJ-630x1536.jpg 630w, https:\/\/www.eeelmas.com\/wp-content\/uploads\/2022\/10\/2FE3FGJ-123x300.jpg 123w, https:\/\/www.eeelmas.com\/wp-content\/uploads\/2022\/10\/2FE3FGJ.jpg 640w\" sizes=\"auto, (max-width: 700px) 100vw, 700px\" \/><\/p>\n","protected":false},"excerpt":{"rendered":"<p lang=\"tr-TR\"><span style=\"color: #7f00ff; font-size: 14pt;\"><span style=\"font-family: Tahoma, serif;\">K\u0131z\u0131lderili<\/span><\/span><\/p>\n<p><span style=\"color: #7f00ff; font-size: 14pt;\"><a style=\"color: #7f00ff;\" name=\"_GoBack\"><\/a><span style=\"font-family: Tahoma, serif;\"><span lang=\"tr-TR\">K\u0131z\u0131lderili ger\u00e7ektende ismini, onu tasar\u0131mlarken kulland\u0131\u011f\u0131m iri ebatl\u0131 cam boncuklardan ald\u0131. Renkarenk 4 mm enlili\u011finde olan bu boncuklar ayn\u0131 zamanda da parlak bir mizaca sahip. Cin D\u00fc\u011f\u00fcm\u00fc tekni\u011fi ile kal\u0131n, kaygan ve yumu\u015fac\u0131k bir ipin \u00fczerine \u00f6r\u00fclm\u00fc\u015ft\u00fcr. Kolyenin p\u00fcsk\u00fcl\u00fcyle beraber uzunlu\u011fu ise 80-90 cm. T\u00fcm tak\u0131lar gibi bu kolye de tamamen el marifetidir. Onun canl\u0131 halini g\u00f6rseydin, g\u00f6zlerin \u0131\u015f\u0131ldard\u0131, eminim. Kargo dahil 680 TL.<\/span><\/span><span style=\"font-family: Tahoma, serif;\"><span lang=\"tr-TR\"><br \/>\n<\/span><\/span><\/span><\/p>\n","protected":false},"featured_media":4727,"comment_status":"open","ping_status":"closed","template":"","meta":{"_uag_custom_page_level_css":""},"product_brand":[],"product_cat":[36],"product_tag":[],"class_list":{"0":"post-4725","1":"product","2":"type-product","3":"status-publish","4":"has-post-thumbnail","6":"product_cat-unkategorisiert","8":"first","9":"instock","10":"taxable","11":"shipping-taxable","12":"purchasable","13":"product-type-simple"},"uagb_featured_image_src":{"full":["https:\/\/www.eeelmas.com\/wp-content\/uploads\/2022\/10\/5-scaled.jpg",1438,2560,false],"thumbnail":["https:\/\/www.eeelmas.com\/wp-content\/uploads\/2022\/10\/5-150x150.jpg",150,150,true],"medium":["https:\/\/www.eeelmas.com\/wp-content\/uploads\/2022\/10\/5-300x300.jpg",300,300,true],"medium_large":["https:\/\/www.eeelmas.com\/wp-content\/uploads\/2022\/10\/5-768x768.jpg",768,768,true],"large":["https:\/\/www.eeelmas.com\/wp-content\/uploads\/2022\/10\/5-1024x1024.jpg",1024,1024,true],"1536x1536":["https:\/\/www.eeelmas.com\/wp-content\/uploads\/2022\/10\/5-863x1536.jpg",863,1536,true],"2048x2048":["https:\/\/www.eeelmas.com\/wp-content\/uploads\/2022\/10\/5-1150x2048.jpg",1150,2048,true],"post-thumbnail":["https:\/\/www.eeelmas.com\/wp-content\/uploads\/2022\/10\/5-168x300.jpg",168,300,true],"bravada-featured":["https:\/\/www.eeelmas.com\/wp-content\/uploads\/2022\/10\/5-583x300.jpg",583,300,true],"bravada-featured-lp":["https:\/\/www.eeelmas.com\/wp-content\/uploads\/2022\/10\/5-620x300.jpg",620,300,true],"bravada-featured-half":["https:\/\/www.eeelmas.com\/wp-content\/uploads\/2022\/10\/5-800x300.jpg",800,300,true],"bravada-featured-third":["https:\/\/www.eeelmas.com\/wp-content\/uploads\/2022\/10\/5-512x300.jpg",512,300,true],"bravada-lpbox-1":["https:\/\/www.eeelmas.com\/wp-content\/uploads\/2022\/10\/5-640x300.jpg",640,300,true],"bravada-lpbox-2":["https:\/\/www.eeelmas.com\/wp-content\/uploads\/2022\/10\/5-413x300.jpg",413,300,true],"woocommerce_thumbnail":["https:\/\/www.eeelmas.com\/wp-content\/uploads\/2022\/10\/5-scaled-300x300.jpg",300,300,true],"woocommerce_single":["https:\/\/www.eeelmas.com\/wp-content\/uploads\/2022\/10\/5-scaled-600x1068.jpg",600,1068,true],"woocommerce_gallery_thumbnail":["https:\/\/www.eeelmas.com\/wp-content\/uploads\/2022\/10\/5-scaled-100x100.jpg",100,100,true]},"uagb_author_info":{"display_name":"elmas","author_link":"https:\/\/www.eeelmas.com\/index.php\/author\/"},"uagb_comment_info":0,"uagb_excerpt":"K\u0131z\u0131lderili K\u0131z\u0131lderili ger\u00e7ektende ismini, onu tasar\u0131mlarken kulland\u0131\u011f\u0131m iri ebatl\u0131 cam boncuklardan ald\u0131. Renkarenk 4 mm enlili\u011finde olan bu boncuklar ayn\u0131 zamanda da parlak bir mizaca sahip. Cin D\u00fc\u011f\u00fcm\u00fc tekni\u011fi ile kal\u0131n, kaygan ve yumu\u015fac\u0131k bir ipin \u00fczerine \u00f6r\u00fclm\u00fc\u015ft\u00fcr. Kolyenin p\u00fcsk\u00fcl\u00fcyle beraber uzunlu\u011fu ise 80-90 cm. T\u00fcm tak\u0131lar gibi bu kolye de tamamen el marifetidir. Onun&hellip;","_links":{"self":[{"href":"https:\/\/www.eeelmas.com\/index.php\/wp-json\/wp\/v2\/product\/4725","targetHints":{"allow":["GET"]}}],"collection":[{"href":"https:\/\/www.eeelmas.com\/index.php\/wp-json\/wp\/v2\/product"}],"about":[{"href":"https:\/\/www.eeelmas.com\/index.php\/wp-json\/wp\/v2\/types\/product"}],"replies":[{"embeddable":true,"href":"https:\/\/www.eeelmas.com\/index.php\/wp-json\/wp\/v2\/comments?post=4725"}],"wp:featuredmedia":[{"embeddable":true,"href":"https:\/\/www.eeelmas.com\/index.php\/wp-json\/wp\/v2\/media\/4727"}],"wp:attachment":[{"href":"https:\/\/www.eeelmas.com\/index.php\/wp-json\/wp\/v2\/media?parent=4725"}],"wp:term":[{"taxonomy":"product_brand","embeddable":true,"href":"https:\/\/www.eeelmas.com\/index.php\/wp-json\/wp\/v2\/product_brand?post=4725"},{"taxonomy":"product_cat","embeddable":true,"href":"https:\/\/www.eeelmas.com\/index.php\/wp-json\/wp\/v2\/product_cat?post=4725"},{"taxonomy":"product_tag","embeddable":true,"href":"https:\/\/www.eeelmas.com\/index.php\/wp-json\/wp\/v2\/product_tag?post=4725"}],"curies":[{"name":"wp","href":"https:\/\/api.w.org\/{rel}","templated":true}]}}