{"id":4729,"date":"2022-10-24T06:09:23","date_gmt":"2022-10-24T04:09:23","guid":{"rendered":"https:\/\/www.eeelmas.com\/?post_type=product&#038;p=4729"},"modified":"2022-10-24T06:09:23","modified_gmt":"2022-10-24T04:09:23","slug":"nadide","status":"publish","type":"product","link":"https:\/\/www.eeelmas.com\/index.php\/produkt\/nadide\/","title":{"rendered":"Nadide"},"content":{"rendered":"<p><img loading=\"lazy\" decoding=\"async\" class=\"aligncenter wp-image-4731\" src=\"https:\/\/www.eeelmas.com\/wp-content\/uploads\/2022\/10\/4-1-300x300.jpg\" alt=\"\" width=\"700\" height=\"1247\" srcset=\"https:\/\/www.eeelmas.com\/wp-content\/uploads\/2022\/10\/4-1-600x1068.jpg 600w, https:\/\/www.eeelmas.com\/wp-content\/uploads\/2022\/10\/4-1-863x1536.jpg 863w, https:\/\/www.eeelmas.com\/wp-content\/uploads\/2022\/10\/4-1-1150x2048.jpg 1150w, https:\/\/www.eeelmas.com\/wp-content\/uploads\/2022\/10\/4-1-168x300.jpg 168w, https:\/\/www.eeelmas.com\/wp-content\/uploads\/2022\/10\/4-1.jpg 1168w\" sizes=\"auto, (max-width: 700px) 100vw, 700px\" \/> <img loading=\"lazy\" decoding=\"async\" class=\"alignnone wp-image-4732\" src=\"https:\/\/www.eeelmas.com\/wp-content\/uploads\/2022\/10\/2-2-300x300.jpg\" alt=\"\" width=\"700\" height=\"1247\" srcset=\"https:\/\/www.eeelmas.com\/wp-content\/uploads\/2022\/10\/2-2-600x1068.jpg 600w, https:\/\/www.eeelmas.com\/wp-content\/uploads\/2022\/10\/2-2-863x1536.jpg 863w, https:\/\/www.eeelmas.com\/wp-content\/uploads\/2022\/10\/2-2-1150x2048.jpg 1150w, https:\/\/www.eeelmas.com\/wp-content\/uploads\/2022\/10\/2-2-168x300.jpg 168w, https:\/\/www.eeelmas.com\/wp-content\/uploads\/2022\/10\/2-2.jpg 1168w\" sizes=\"auto, (max-width: 700px) 100vw, 700px\" \/><\/p>\n","protected":false},"excerpt":{"rendered":"<p lang=\"tr-TR\"><span style=\"color: #7f00ff; font-size: 14pt;\"><span style=\"font-family: Tahoma, serif;\">Nadide<\/span><\/span><\/p>\n<p><span style=\"font-size: 14pt; color: #7f00ff;\"><span style=\"font-family: Tahoma, serif;\"><span lang=\"tr-TR\">Nadide Shamballa tekni\u011fi ile beyaz, kal\u0131n ve parlak bir ipin \u00fczerine \u00f6r\u00fclm\u00fc\u015ft\u00fcr. Onu di\u011fer do\u011fal ta\u015ftan yap\u0131lan bileziklerden ay\u0131ran bir fark\u0131 var: Onun \u00e7ap\u0131 8 cm&#8217;dir, dolay\u0131s\u0131yla onu bile\u011fi hafif kal\u0131n bayanlar\u0131m\u0131z i\u00e7in \u00f6zel tasar\u0131mlad\u0131m. B\u00f6ylelikle bilekli\u011fin genel uzunlu\u011fu 23 cm&#8217;dir. Ve e\u011fer arzu edilirse, bilekli\u011fin \u00e7ap\u0131n\u0131 takriben 8 cm daha da enlile\u015ftirmek m\u00fcmk\u00fcnd\u00fcr, \u00e7\u00fcnk\u00fc bilezi\u011fin iki ucunun birle\u015fti\u011fi yerdeki &#8218;kilitleme sistemi&#8216; esneklik i\u00e7ermektedir. O Nadide do\u011fal ta\u015flara gelince, onlar Lapis Lazuli&#8217;dir. Lapis Lazuli ta\u015f\u0131 d\u00fcr\u00fcstl\u00fc\u011f\u00fc destekledi\u011fi gibi pozitif d\u00fc\u015f\u00fcnceyi de tetikler. Dolay\u0131s\u0131yla depresyonu, stresi ve korkular\u0131m\u0131z\u0131 yenmemize yard\u0131m eder. Kendine g\u00fcveni peki\u015ftirerek, konsantrasyonumuzu ve sezgi kabiliyetimizi daha da derinle\u015ftirir. Kargo dahil 540<\/span><\/span><span style=\"font-family: Tahoma, serif;\"><span lang=\"tr-TR\"> TL.<\/span><\/span><\/span><\/p>\n","protected":false},"featured_media":4731,"comment_status":"open","ping_status":"closed","template":"","meta":{"_uag_custom_page_level_css":""},"product_brand":[],"product_cat":[36],"product_tag":[],"class_list":{"0":"post-4729","1":"product","2":"type-product","3":"status-publish","4":"has-post-thumbnail","6":"product_cat-unkategorisiert","8":"first","9":"instock","10":"taxable","11":"shipping-taxable","12":"purchasable","13":"product-type-simple"},"uagb_featured_image_src":{"full":["https:\/\/www.eeelmas.com\/wp-content\/uploads\/2022\/10\/4-1.jpg",1168,2080,false],"thumbnail":["https:\/\/www.eeelmas.com\/wp-content\/uploads\/2022\/10\/4-1-150x150.jpg",150,150,true],"medium":["https:\/\/www.eeelmas.com\/wp-content\/uploads\/2022\/10\/4-1-300x300.jpg",300,300,true],"medium_large":["https:\/\/www.eeelmas.com\/wp-content\/uploads\/2022\/10\/4-1-768x768.jpg",768,768,true],"large":["https:\/\/www.eeelmas.com\/wp-content\/uploads\/2022\/10\/4-1-1024x1024.jpg",1024,1024,true],"1536x1536":["https:\/\/www.eeelmas.com\/wp-content\/uploads\/2022\/10\/4-1-863x1536.jpg",863,1536,true],"2048x2048":["https:\/\/www.eeelmas.com\/wp-content\/uploads\/2022\/10\/4-1-1150x2048.jpg",1150,2048,true],"post-thumbnail":["https:\/\/www.eeelmas.com\/wp-content\/uploads\/2022\/10\/4-1-168x300.jpg",168,300,true],"bravada-featured":["https:\/\/www.eeelmas.com\/wp-content\/uploads\/2022\/10\/4-1-583x300.jpg",583,300,true],"bravada-featured-lp":["https:\/\/www.eeelmas.com\/wp-content\/uploads\/2022\/10\/4-1-620x300.jpg",620,300,true],"bravada-featured-half":["https:\/\/www.eeelmas.com\/wp-content\/uploads\/2022\/10\/4-1-800x300.jpg",800,300,true],"bravada-featured-third":["https:\/\/www.eeelmas.com\/wp-content\/uploads\/2022\/10\/4-1-512x300.jpg",512,300,true],"bravada-lpbox-1":["https:\/\/www.eeelmas.com\/wp-content\/uploads\/2022\/10\/4-1-640x300.jpg",640,300,true],"bravada-lpbox-2":["https:\/\/www.eeelmas.com\/wp-content\/uploads\/2022\/10\/4-1-413x300.jpg",413,300,true],"woocommerce_thumbnail":["https:\/\/www.eeelmas.com\/wp-content\/uploads\/2022\/10\/4-1-300x300.jpg",300,300,true],"woocommerce_single":["https:\/\/www.eeelmas.com\/wp-content\/uploads\/2022\/10\/4-1-600x1068.jpg",600,1068,true],"woocommerce_gallery_thumbnail":["https:\/\/www.eeelmas.com\/wp-content\/uploads\/2022\/10\/4-1-100x100.jpg",100,100,true]},"uagb_author_info":{"display_name":"elmas","author_link":"https:\/\/www.eeelmas.com\/index.php\/author\/"},"uagb_comment_info":0,"uagb_excerpt":"Nadide Nadide Shamballa tekni\u011fi ile beyaz, kal\u0131n ve parlak bir ipin \u00fczerine \u00f6r\u00fclm\u00fc\u015ft\u00fcr. Onu di\u011fer do\u011fal ta\u015ftan yap\u0131lan bileziklerden ay\u0131ran bir fark\u0131 var: Onun \u00e7ap\u0131 8 cm'dir, dolay\u0131s\u0131yla onu bile\u011fi hafif kal\u0131n bayanlar\u0131m\u0131z i\u00e7in \u00f6zel tasar\u0131mlad\u0131m. B\u00f6ylelikle bilekli\u011fin genel uzunlu\u011fu 23 cm'dir. Ve e\u011fer arzu edilirse, bilekli\u011fin \u00e7ap\u0131n\u0131 takriben 8 cm daha da enlile\u015ftirmek m\u00fcmk\u00fcnd\u00fcr,&hellip;","_links":{"self":[{"href":"https:\/\/www.eeelmas.com\/index.php\/wp-json\/wp\/v2\/product\/4729","targetHints":{"allow":["GET"]}}],"collection":[{"href":"https:\/\/www.eeelmas.com\/index.php\/wp-json\/wp\/v2\/product"}],"about":[{"href":"https:\/\/www.eeelmas.com\/index.php\/wp-json\/wp\/v2\/types\/product"}],"replies":[{"embeddable":true,"href":"https:\/\/www.eeelmas.com\/index.php\/wp-json\/wp\/v2\/comments?post=4729"}],"wp:featuredmedia":[{"embeddable":true,"href":"https:\/\/www.eeelmas.com\/index.php\/wp-json\/wp\/v2\/media\/4731"}],"wp:attachment":[{"href":"https:\/\/www.eeelmas.com\/index.php\/wp-json\/wp\/v2\/media?parent=4729"}],"wp:term":[{"taxonomy":"product_brand","embeddable":true,"href":"https:\/\/www.eeelmas.com\/index.php\/wp-json\/wp\/v2\/product_brand?post=4729"},{"taxonomy":"product_cat","embeddable":true,"href":"https:\/\/www.eeelmas.com\/index.php\/wp-json\/wp\/v2\/product_cat?post=4729"},{"taxonomy":"product_tag","embeddable":true,"href":"https:\/\/www.eeelmas.com\/index.php\/wp-json\/wp\/v2\/product_tag?post=4729"}],"curies":[{"name":"wp","href":"https:\/\/api.w.org\/{rel}","templated":true}]}}