{"id":4734,"date":"2022-10-24T06:46:20","date_gmt":"2022-10-24T04:46:20","guid":{"rendered":"https:\/\/www.eeelmas.com\/?post_type=product&#038;p=4734"},"modified":"2022-10-24T06:46:20","modified_gmt":"2022-10-24T04:46:20","slug":"oezlem","status":"publish","type":"product","link":"https:\/\/www.eeelmas.com\/index.php\/produkt\/oezlem\/","title":{"rendered":"\u00d6zlem"},"content":{"rendered":"<p><img loading=\"lazy\" decoding=\"async\" class=\"aligncenter wp-image-4735\" src=\"https:\/\/www.eeelmas.com\/wp-content\/uploads\/2022\/10\/3YVF0PV-300x300.jpg\" alt=\"\" width=\"700\" height=\"393\" srcset=\"https:\/\/www.eeelmas.com\/wp-content\/uploads\/2022\/10\/3YVF0PV-600x337.jpg 600w, https:\/\/www.eeelmas.com\/wp-content\/uploads\/2022\/10\/3YVF0PV-534x300.jpg 534w, https:\/\/www.eeelmas.com\/wp-content\/uploads\/2022\/10\/3YVF0PV.jpg 1040w\" sizes=\"auto, (max-width: 700px) 100vw, 700px\" \/><\/p>\n","protected":false},"excerpt":{"rendered":"<p lang=\"tr-TR\"><span style=\"color: #7f00ff; font-size: 14pt;\"><span style=\"font-family: Tahoma, serif;\">\u00d6zlem<\/span><\/span><\/p>\n<p><span style=\"font-size: 14pt; color: #7f00ff;\"><span style=\"font-family: Tahoma, serif;\"><span lang=\"tr-TR\">Esnek, zarif ve parlak leylak renkli bir \u00f6rg\u00fc ipiyle Cin D\u00fc\u011f\u00fcm\u00fc tekni\u011fi ile \u00f6r\u00fclm\u00fc\u015f bir enfes bir kolye. 8 mm enlili\u011finde olan Lapis Lazuli ta\u015flar\u0131ndan \u00f6zenle \u00f6r\u00fclm\u00fc\u015ft\u00fcr. Cin D\u00fc\u011f\u00fcmlerinin uzunlu\u011fu 1 cm&#8217;dir. Kolyenin genel uzunlu\u011fu ise 84 cm. Ve e\u011fer arzu edilirse, kolye esnek bir yap\u0131ya sahip oldu\u011fundan dolay\u0131 kolyenin genel uzunlu\u011funu takriben bir 23 cm daha uzatabilirsin. <\/span><\/span><span style=\"font-family: Tahoma, serif;\">Ayr\u0131ca bu kolye de bir tane Pembe Kuvars ve G\u00fcm\u00fc\u015f renkte iki g\u00fcller de mevcut. Her birinin \u00e7ap\u0131 ise 1 cm&#8217;dir. Lapis Lazuli ta\u015f\u0131 d\u00fcr\u00fcstl\u00fc\u011f\u00fc destekledi\u011fi gibi pozitif d\u00fc\u015f\u00fcnceyi de tetikler. Dolay\u0131s\u0131yla depresyonu, stresi ve korkular\u0131m\u0131z\u0131 yenmemize yard\u0131m eder. Kendine g\u00fcveni peki\u015ftirerek, konsantrasyonumuzu ve sezgi kabiliyetimizi daha da derinle\u015ftirir. Pembe Kuvars ise sevgiyi i\u00e7selle\u015ftirmenin ta\u015f\u0131d\u0131r. <\/span><span style=\"font-family: Tahoma, serif;\">Belki duymu\u015fsundur, s<\/span><span style=\"font-family: Tahoma, serif;\">evgi ise evrenseldir. Fiyat\u0131 ise Kargo dahil 1160 TL.<\/span><\/span><\/p>\n","protected":false},"featured_media":4737,"comment_status":"open","ping_status":"closed","template":"","meta":{"_uag_custom_page_level_css":""},"product_brand":[],"product_cat":[36],"product_tag":[],"class_list":{"0":"post-4734","1":"product","2":"type-product","3":"status-publish","4":"has-post-thumbnail","6":"product_cat-unkategorisiert","8":"first","9":"instock","10":"taxable","11":"shipping-taxable","12":"purchasable","13":"product-type-simple"},"uagb_featured_image_src":{"full":["https:\/\/www.eeelmas.com\/wp-content\/uploads\/2022\/10\/25V3HSE.jpg",584,1040,false],"thumbnail":["https:\/\/www.eeelmas.com\/wp-content\/uploads\/2022\/10\/25V3HSE-150x150.jpg",150,150,true],"medium":["https:\/\/www.eeelmas.com\/wp-content\/uploads\/2022\/10\/25V3HSE-300x300.jpg",300,300,true],"medium_large":["https:\/\/www.eeelmas.com\/wp-content\/uploads\/2022\/10\/25V3HSE-584x768.jpg",584,768,true],"large":["https:\/\/www.eeelmas.com\/wp-content\/uploads\/2022\/10\/25V3HSE-584x1024.jpg",584,1024,true],"1536x1536":["https:\/\/www.eeelmas.com\/wp-content\/uploads\/2022\/10\/25V3HSE.jpg",584,1040,false],"2048x2048":["https:\/\/www.eeelmas.com\/wp-content\/uploads\/2022\/10\/25V3HSE.jpg",584,1040,false],"post-thumbnail":["https:\/\/www.eeelmas.com\/wp-content\/uploads\/2022\/10\/25V3HSE-168x300.jpg",168,300,true],"bravada-featured":["https:\/\/www.eeelmas.com\/wp-content\/uploads\/2022\/10\/25V3HSE-583x300.jpg",583,300,true],"bravada-featured-lp":["https:\/\/www.eeelmas.com\/wp-content\/uploads\/2022\/10\/25V3HSE-584x300.jpg",584,300,true],"bravada-featured-half":["https:\/\/www.eeelmas.com\/wp-content\/uploads\/2022\/10\/25V3HSE-584x300.jpg",584,300,true],"bravada-featured-third":["https:\/\/www.eeelmas.com\/wp-content\/uploads\/2022\/10\/25V3HSE-512x300.jpg",512,300,true],"bravada-lpbox-1":["https:\/\/www.eeelmas.com\/wp-content\/uploads\/2022\/10\/25V3HSE-584x300.jpg",584,300,true],"bravada-lpbox-2":["https:\/\/www.eeelmas.com\/wp-content\/uploads\/2022\/10\/25V3HSE-413x300.jpg",413,300,true],"woocommerce_thumbnail":["https:\/\/www.eeelmas.com\/wp-content\/uploads\/2022\/10\/25V3HSE-300x300.jpg",300,300,true],"woocommerce_single":["https:\/\/www.eeelmas.com\/wp-content\/uploads\/2022\/10\/25V3HSE.jpg",584,1040,false],"woocommerce_gallery_thumbnail":["https:\/\/www.eeelmas.com\/wp-content\/uploads\/2022\/10\/25V3HSE-100x100.jpg",100,100,true]},"uagb_author_info":{"display_name":"elmas","author_link":"https:\/\/www.eeelmas.com\/index.php\/author\/"},"uagb_comment_info":1,"uagb_excerpt":"\u00d6zlem Esnek, zarif ve parlak leylak renkli bir \u00f6rg\u00fc ipiyle Cin D\u00fc\u011f\u00fcm\u00fc tekni\u011fi ile \u00f6r\u00fclm\u00fc\u015f bir enfes bir kolye. 8 mm enlili\u011finde olan Lapis Lazuli ta\u015flar\u0131ndan \u00f6zenle \u00f6r\u00fclm\u00fc\u015ft\u00fcr. Cin D\u00fc\u011f\u00fcmlerinin uzunlu\u011fu 1 cm'dir. Kolyenin genel uzunlu\u011fu ise 84 cm. Ve e\u011fer arzu edilirse, kolye esnek bir yap\u0131ya sahip oldu\u011fundan dolay\u0131 kolyenin genel uzunlu\u011funu takriben bir&hellip;","_links":{"self":[{"href":"https:\/\/www.eeelmas.com\/index.php\/wp-json\/wp\/v2\/product\/4734","targetHints":{"allow":["GET"]}}],"collection":[{"href":"https:\/\/www.eeelmas.com\/index.php\/wp-json\/wp\/v2\/product"}],"about":[{"href":"https:\/\/www.eeelmas.com\/index.php\/wp-json\/wp\/v2\/types\/product"}],"replies":[{"embeddable":true,"href":"https:\/\/www.eeelmas.com\/index.php\/wp-json\/wp\/v2\/comments?post=4734"}],"wp:featuredmedia":[{"embeddable":true,"href":"https:\/\/www.eeelmas.com\/index.php\/wp-json\/wp\/v2\/media\/4737"}],"wp:attachment":[{"href":"https:\/\/www.eeelmas.com\/index.php\/wp-json\/wp\/v2\/media?parent=4734"}],"wp:term":[{"taxonomy":"product_brand","embeddable":true,"href":"https:\/\/www.eeelmas.com\/index.php\/wp-json\/wp\/v2\/product_brand?post=4734"},{"taxonomy":"product_cat","embeddable":true,"href":"https:\/\/www.eeelmas.com\/index.php\/wp-json\/wp\/v2\/product_cat?post=4734"},{"taxonomy":"product_tag","embeddable":true,"href":"https:\/\/www.eeelmas.com\/index.php\/wp-json\/wp\/v2\/product_tag?post=4734"}],"curies":[{"name":"wp","href":"https:\/\/api.w.org\/{rel}","templated":true}]}}