{"id":4740,"date":"2022-10-24T07:38:17","date_gmt":"2022-10-24T05:38:17","guid":{"rendered":"https:\/\/www.eeelmas.com\/?post_type=product&#038;p=4740"},"modified":"2022-10-24T07:38:17","modified_gmt":"2022-10-24T05:38:17","slug":"muhtesem","status":"publish","type":"product","link":"https:\/\/www.eeelmas.com\/index.php\/produkt\/muhtesem\/","title":{"rendered":"Muhte\u015fem"},"content":{"rendered":"<p><img loading=\"lazy\" decoding=\"async\" class=\"aligncenter wp-image-4743\" src=\"https:\/\/www.eeelmas.com\/wp-content\/uploads\/2022\/10\/2IMP5YF-300x300.jpg\" alt=\"\" width=\"700\" height=\"393\" srcset=\"https:\/\/www.eeelmas.com\/wp-content\/uploads\/2022\/10\/2IMP5YF-scaled-600x337.jpg 600w, https:\/\/www.eeelmas.com\/wp-content\/uploads\/2022\/10\/2IMP5YF-1536x863.jpg 1536w, https:\/\/www.eeelmas.com\/wp-content\/uploads\/2022\/10\/2IMP5YF-2048x1150.jpg 2048w, https:\/\/www.eeelmas.com\/wp-content\/uploads\/2022\/10\/2IMP5YF-534x300.jpg 534w\" sizes=\"auto, (max-width: 700px) 100vw, 700px\" \/><\/p>\n","protected":false},"excerpt":{"rendered":"<p lang=\"tr-TR\"><span style=\"color: #7f00ff; font-size: 14pt;\"><span style=\"font-family: Tahoma, serif;\">Muhte\u015fem<\/span><\/span><\/p>\n<p><span style=\"font-size: 14pt; color: #7f00ff;\"><span style=\"font-family: Tahoma, serif;\">G\u00fczelli\u011fi g\u00f6r\u00fcyor musun? Hele bir de onun asl\u0131n\u0131 g\u00f6rsen, \u015fa\u015f\u0131r\u0131rs\u0131n! Ger\u00e7ekten de Muhte\u015fem bileklik bir estetik ve g\u00fczellik abidesi. Muhte\u015fem elastik 2 mm kal\u0131nl\u0131\u011f\u0131n da \u015feffaf bir ipin \u00fczerine dizilmi\u015ftir. <\/span><span style=\"font-family: Tahoma, serif;\"><span lang=\"en-US\">Ona e\u015flik eden ta\u015flar ise, 0,7\/0,8 x 0,5 mm \u00e7ap\u0131ndaki Larimar (Atlantis) ta\u015flar\u0131. Ayr\u0131ca Muhte\u015fem bileklik i\u00e7 i\u00e7e ge\u00e7mi\u015f iki bileklikten olu\u015fmad\u0131r. Bunun yan\u0131 s\u0131ra, Larimarlar\u0131n aras\u0131na 3 mm \u00e7ap\u0131nda s\u00fct beyaz\u0131 renginde cam parlak boncuklar da dizilmi\u015ftir. <\/span><\/span><\/span><\/p>\n<p><span style=\"font-size: 14pt; color: #7f00ff;\"><span style=\"font-family: Tahoma, serif;\"><span lang=\"en-US\">Cam buzmavisi parlak boncuklar\u0131n eni ise 5-6 mm&#8217;dir. Bilezi\u011fin ucunda ise bir Pembe Kuvars Donut&#8217;u g\u00f6r\u00fcyorsun; onun ise \u00e7ap\u0131 1,8 cm&#8217;dir. Bilezi\u011fin uzunlu\u011fu 16 cm, dolay\u0131s\u0131yla \u00e7ap\u0131 8 cm&#8217;dir. Larimar Allah&#8217;\u0131n izniyle ya\u015fanan dev ac\u0131lar\u0131n\/kederin\/gam\u0131n \u00fcstesinden gelme kuvveti verir. Enerjilerden ise, kendine g\u00fcvenmeyi, kendini sevmeyi, huzuru, bar\u0131\u015f\u0131 ve olaylara\/meselelere dikkatimizi y\u00f6nlendirmeyi i\u00e7selle\u015ftirir. Pembe Kuvars ise sevgiyi i\u00e7selle\u015ftirmenin ve onu doya doya ya\u015fayabilmenin ta\u015f\u0131d\u0131r.\u00a0\u00a0Fiyat\u0131 ise Kargo dahil 780 TL.<\/span><\/span><\/span><\/p>\n","protected":false},"featured_media":4744,"comment_status":"open","ping_status":"closed","template":"","meta":{"_uag_custom_page_level_css":""},"product_brand":[],"product_cat":[36],"product_tag":[],"class_list":{"0":"post-4740","1":"product","2":"type-product","3":"status-publish","4":"has-post-thumbnail","6":"product_cat-unkategorisiert","8":"first","9":"instock","10":"taxable","11":"shipping-taxable","12":"purchasable","13":"product-type-simple"},"uagb_featured_image_src":{"full":["https:\/\/www.eeelmas.com\/wp-content\/uploads\/2022\/10\/2IMP5YF-1-scaled.jpg",2560,1438,false],"thumbnail":["https:\/\/www.eeelmas.com\/wp-content\/uploads\/2022\/10\/2IMP5YF-1-150x150.jpg",150,150,true],"medium":["https:\/\/www.eeelmas.com\/wp-content\/uploads\/2022\/10\/2IMP5YF-1-300x300.jpg",300,300,true],"medium_large":["https:\/\/www.eeelmas.com\/wp-content\/uploads\/2022\/10\/2IMP5YF-1-768x768.jpg",768,768,true],"large":["https:\/\/www.eeelmas.com\/wp-content\/uploads\/2022\/10\/2IMP5YF-1-1024x1024.jpg",1024,1024,true],"1536x1536":["https:\/\/www.eeelmas.com\/wp-content\/uploads\/2022\/10\/2IMP5YF-1-1536x863.jpg",1536,863,true],"2048x2048":["https:\/\/www.eeelmas.com\/wp-content\/uploads\/2022\/10\/2IMP5YF-1-2048x1150.jpg",2048,1150,true],"post-thumbnail":["https:\/\/www.eeelmas.com\/wp-content\/uploads\/2022\/10\/2IMP5YF-1-534x300.jpg",534,300,true],"bravada-featured":["https:\/\/www.eeelmas.com\/wp-content\/uploads\/2022\/10\/2IMP5YF-1-583x300.jpg",583,300,true],"bravada-featured-lp":["https:\/\/www.eeelmas.com\/wp-content\/uploads\/2022\/10\/2IMP5YF-1-620x300.jpg",620,300,true],"bravada-featured-half":["https:\/\/www.eeelmas.com\/wp-content\/uploads\/2022\/10\/2IMP5YF-1-800x300.jpg",800,300,true],"bravada-featured-third":["https:\/\/www.eeelmas.com\/wp-content\/uploads\/2022\/10\/2IMP5YF-1-512x300.jpg",512,300,true],"bravada-lpbox-1":["https:\/\/www.eeelmas.com\/wp-content\/uploads\/2022\/10\/2IMP5YF-1-640x300.jpg",640,300,true],"bravada-lpbox-2":["https:\/\/www.eeelmas.com\/wp-content\/uploads\/2022\/10\/2IMP5YF-1-413x300.jpg",413,300,true],"woocommerce_thumbnail":["https:\/\/www.eeelmas.com\/wp-content\/uploads\/2022\/10\/2IMP5YF-1-scaled-300x300.jpg",300,300,true],"woocommerce_single":["https:\/\/www.eeelmas.com\/wp-content\/uploads\/2022\/10\/2IMP5YF-1-scaled-600x337.jpg",600,337,true],"woocommerce_gallery_thumbnail":["https:\/\/www.eeelmas.com\/wp-content\/uploads\/2022\/10\/2IMP5YF-1-scaled-100x100.jpg",100,100,true]},"uagb_author_info":{"display_name":"elmas","author_link":"https:\/\/www.eeelmas.com\/index.php\/author\/"},"uagb_comment_info":1,"uagb_excerpt":"Muhte\u015fem G\u00fczelli\u011fi g\u00f6r\u00fcyor musun? Hele bir de onun asl\u0131n\u0131 g\u00f6rsen, \u015fa\u015f\u0131r\u0131rs\u0131n! Ger\u00e7ekten de Muhte\u015fem bileklik bir estetik ve g\u00fczellik abidesi. Muhte\u015fem elastik 2 mm kal\u0131nl\u0131\u011f\u0131n da \u015feffaf bir ipin \u00fczerine dizilmi\u015ftir. Ona e\u015flik eden ta\u015flar ise, 0,7\/0,8 x 0,5 mm \u00e7ap\u0131ndaki Larimar (Atlantis) ta\u015flar\u0131. Ayr\u0131ca Muhte\u015fem bileklik i\u00e7 i\u00e7e ge\u00e7mi\u015f iki bileklikten olu\u015fmad\u0131r. Bunun yan\u0131&hellip;","_links":{"self":[{"href":"https:\/\/www.eeelmas.com\/index.php\/wp-json\/wp\/v2\/product\/4740","targetHints":{"allow":["GET"]}}],"collection":[{"href":"https:\/\/www.eeelmas.com\/index.php\/wp-json\/wp\/v2\/product"}],"about":[{"href":"https:\/\/www.eeelmas.com\/index.php\/wp-json\/wp\/v2\/types\/product"}],"replies":[{"embeddable":true,"href":"https:\/\/www.eeelmas.com\/index.php\/wp-json\/wp\/v2\/comments?post=4740"}],"wp:featuredmedia":[{"embeddable":true,"href":"https:\/\/www.eeelmas.com\/index.php\/wp-json\/wp\/v2\/media\/4744"}],"wp:attachment":[{"href":"https:\/\/www.eeelmas.com\/index.php\/wp-json\/wp\/v2\/media?parent=4740"}],"wp:term":[{"taxonomy":"product_brand","embeddable":true,"href":"https:\/\/www.eeelmas.com\/index.php\/wp-json\/wp\/v2\/product_brand?post=4740"},{"taxonomy":"product_cat","embeddable":true,"href":"https:\/\/www.eeelmas.com\/index.php\/wp-json\/wp\/v2\/product_cat?post=4740"},{"taxonomy":"product_tag","embeddable":true,"href":"https:\/\/www.eeelmas.com\/index.php\/wp-json\/wp\/v2\/product_tag?post=4740"}],"curies":[{"name":"wp","href":"https:\/\/api.w.org\/{rel}","templated":true}]}}