{"id":4761,"date":"2022-10-24T08:24:25","date_gmt":"2022-10-24T06:24:25","guid":{"rendered":"https:\/\/www.eeelmas.com\/?post_type=product&#038;p=4761"},"modified":"2022-10-24T08:25:36","modified_gmt":"2022-10-24T06:25:36","slug":"canan","status":"publish","type":"product","link":"https:\/\/www.eeelmas.com\/index.php\/produkt\/canan\/","title":{"rendered":"Canan"},"content":{"rendered":"<p><img loading=\"lazy\" decoding=\"async\" class=\"aligncenter wp-image-4763\" src=\"https:\/\/www.eeelmas.com\/wp-content\/uploads\/2022\/10\/1GJ7VP9-300x300.jpg\" alt=\"\" width=\"900\" height=\"505\" srcset=\"https:\/\/www.eeelmas.com\/wp-content\/uploads\/2022\/10\/1GJ7VP9-600x337.jpg 600w, https:\/\/www.eeelmas.com\/wp-content\/uploads\/2022\/10\/1GJ7VP9-534x300.jpg 534w, https:\/\/www.eeelmas.com\/wp-content\/uploads\/2022\/10\/1GJ7VP9.jpg 1040w\" sizes=\"auto, (max-width: 900px) 100vw, 900px\" \/><\/p>\n","protected":false},"excerpt":{"rendered":"<p lang=\"tr-TR\"><span style=\"color: #7f00ff; font-size: 14pt;\"><span style=\"font-family: Tahoma, serif;\">Canan<\/span><\/span><\/p>\n<p lang=\"tr-TR\"><span style=\"color: #7f00ff; font-size: 14pt;\"><span style=\"font-family: Tahoma, serif;\">Canan muhte\u015fem g\u00f6r\u00fcnt\u00fcs\u00fcyle bahar\u0131 an\u0131msat\u0131yor bana. Esnek ve parlak bir ipin \u00fczerine dizilen Ay ta\u015flar\u0131n\u0131n \u00e7ap\u0131 1 cm. Ay ta\u015f\u0131n\u0131n etraf\u0131n\u0131 \u00e7evreleyen ise parlak pembe 2 mm enlili\u011finde cam boncuklard\u0131r. Kolyenin aras\u0131n\u0131 ise f\u0131st\u0131k ye\u015fili 2 mm enlili\u011finde cam boncuklar s\u00fcsl\u00fcyor. Canan&#8217;\u0131n uzunlu\u011fu 68 cm, dolay\u0131s\u0131yla katlan\u0131nca 34 cm olmu\u015f oluyor. Kolyenin ucunda ise k\u0131sa bir p\u00fcsk\u00fcl (7 cm) var, ve p\u00fcsk\u00fcl\u00fcn ucunda ise iki Lapis Lazuli ta\u015flar\u0131 mevcut. Fiyat\u0131 ise Kargo dahil 590 TL.<\/span><\/span><\/p>\n<p lang=\"tr-TR\"><span style=\"color: #7f00ff; font-size: 14pt;\"><span style=\"font-family: Tahoma, serif;\">Ay ta\u015f\u0131 g\u00f6zlerimizi, dolay\u0131s\u0131yla ruhumuzu a\u00e7t\u0131\u011f\u0131 i\u00e7in, realiteyi kuruntudan (yalandan) net ay\u0131rt edebilme olgusunu bize hediye eder. \u0130nsani ileti\u015fimi harika bir d\u00fczeye getirerek, do\u011fay\u0131 da sevip say\u0131p ona ba\u011flanmam\u0131z\u0131 da sa\u011flar.<\/span><\/span><\/p>\n","protected":false},"featured_media":4762,"comment_status":"open","ping_status":"closed","template":"","meta":{"_uag_custom_page_level_css":""},"product_brand":[],"product_cat":[36],"product_tag":[],"class_list":{"0":"post-4761","1":"product","2":"type-product","3":"status-publish","4":"has-post-thumbnail","6":"product_cat-unkategorisiert","8":"first","9":"instock","10":"taxable","11":"shipping-taxable","12":"purchasable","13":"product-type-simple"},"uagb_featured_image_src":{"full":["https:\/\/www.eeelmas.com\/wp-content\/uploads\/2022\/10\/2QAK234-1.jpg",1040,584,false],"thumbnail":["https:\/\/www.eeelmas.com\/wp-content\/uploads\/2022\/10\/2QAK234-1-150x150.jpg",150,150,true],"medium":["https:\/\/www.eeelmas.com\/wp-content\/uploads\/2022\/10\/2QAK234-1-300x300.jpg",300,300,true],"medium_large":["https:\/\/www.eeelmas.com\/wp-content\/uploads\/2022\/10\/2QAK234-1-768x584.jpg",768,584,true],"large":["https:\/\/www.eeelmas.com\/wp-content\/uploads\/2022\/10\/2QAK234-1-1024x584.jpg",1024,584,true],"1536x1536":["https:\/\/www.eeelmas.com\/wp-content\/uploads\/2022\/10\/2QAK234-1.jpg",1040,584,false],"2048x2048":["https:\/\/www.eeelmas.com\/wp-content\/uploads\/2022\/10\/2QAK234-1.jpg",1040,584,false],"post-thumbnail":["https:\/\/www.eeelmas.com\/wp-content\/uploads\/2022\/10\/2QAK234-1-534x300.jpg",534,300,true],"bravada-featured":["https:\/\/www.eeelmas.com\/wp-content\/uploads\/2022\/10\/2QAK234-1-583x300.jpg",583,300,true],"bravada-featured-lp":["https:\/\/www.eeelmas.com\/wp-content\/uploads\/2022\/10\/2QAK234-1-620x300.jpg",620,300,true],"bravada-featured-half":["https:\/\/www.eeelmas.com\/wp-content\/uploads\/2022\/10\/2QAK234-1-800x300.jpg",800,300,true],"bravada-featured-third":["https:\/\/www.eeelmas.com\/wp-content\/uploads\/2022\/10\/2QAK234-1-512x300.jpg",512,300,true],"bravada-lpbox-1":["https:\/\/www.eeelmas.com\/wp-content\/uploads\/2022\/10\/2QAK234-1-640x300.jpg",640,300,true],"bravada-lpbox-2":["https:\/\/www.eeelmas.com\/wp-content\/uploads\/2022\/10\/2QAK234-1-413x300.jpg",413,300,true],"woocommerce_thumbnail":["https:\/\/www.eeelmas.com\/wp-content\/uploads\/2022\/10\/2QAK234-1-300x300.jpg",300,300,true],"woocommerce_single":["https:\/\/www.eeelmas.com\/wp-content\/uploads\/2022\/10\/2QAK234-1-600x337.jpg",600,337,true],"woocommerce_gallery_thumbnail":["https:\/\/www.eeelmas.com\/wp-content\/uploads\/2022\/10\/2QAK234-1-100x100.jpg",100,100,true]},"uagb_author_info":{"display_name":"elmas","author_link":"https:\/\/www.eeelmas.com\/index.php\/author\/"},"uagb_comment_info":0,"uagb_excerpt":"Canan Canan muhte\u015fem g\u00f6r\u00fcnt\u00fcs\u00fcyle bahar\u0131 an\u0131msat\u0131yor bana. Esnek ve parlak bir ipin \u00fczerine dizilen Ay ta\u015flar\u0131n\u0131n \u00e7ap\u0131 1 cm. Ay ta\u015f\u0131n\u0131n etraf\u0131n\u0131 \u00e7evreleyen ise parlak pembe 2 mm enlili\u011finde cam boncuklard\u0131r. Kolyenin aras\u0131n\u0131 ise f\u0131st\u0131k ye\u015fili 2 mm enlili\u011finde cam boncuklar s\u00fcsl\u00fcyor. Canan'\u0131n uzunlu\u011fu 68 cm, dolay\u0131s\u0131yla katlan\u0131nca 34 cm olmu\u015f oluyor. Kolyenin ucunda ise&hellip;","_links":{"self":[{"href":"https:\/\/www.eeelmas.com\/index.php\/wp-json\/wp\/v2\/product\/4761","targetHints":{"allow":["GET"]}}],"collection":[{"href":"https:\/\/www.eeelmas.com\/index.php\/wp-json\/wp\/v2\/product"}],"about":[{"href":"https:\/\/www.eeelmas.com\/index.php\/wp-json\/wp\/v2\/types\/product"}],"replies":[{"embeddable":true,"href":"https:\/\/www.eeelmas.com\/index.php\/wp-json\/wp\/v2\/comments?post=4761"}],"wp:featuredmedia":[{"embeddable":true,"href":"https:\/\/www.eeelmas.com\/index.php\/wp-json\/wp\/v2\/media\/4762"}],"wp:attachment":[{"href":"https:\/\/www.eeelmas.com\/index.php\/wp-json\/wp\/v2\/media?parent=4761"}],"wp:term":[{"taxonomy":"product_brand","embeddable":true,"href":"https:\/\/www.eeelmas.com\/index.php\/wp-json\/wp\/v2\/product_brand?post=4761"},{"taxonomy":"product_cat","embeddable":true,"href":"https:\/\/www.eeelmas.com\/index.php\/wp-json\/wp\/v2\/product_cat?post=4761"},{"taxonomy":"product_tag","embeddable":true,"href":"https:\/\/www.eeelmas.com\/index.php\/wp-json\/wp\/v2\/product_tag?post=4761"}],"curies":[{"name":"wp","href":"https:\/\/api.w.org\/{rel}","templated":true}]}}