{"id":4766,"date":"2022-10-24T08:32:23","date_gmt":"2022-10-24T06:32:23","guid":{"rendered":"https:\/\/www.eeelmas.com\/?post_type=product&#038;p=4766"},"modified":"2022-10-24T08:32:23","modified_gmt":"2022-10-24T06:32:23","slug":"duenya","status":"publish","type":"product","link":"https:\/\/www.eeelmas.com\/index.php\/produkt\/duenya\/","title":{"rendered":"D\u00fcnya"},"content":{"rendered":"<p><img loading=\"lazy\" decoding=\"async\" class=\"aligncenter wp-image-4769\" src=\"https:\/\/www.eeelmas.com\/wp-content\/uploads\/2022\/10\/2QAK234-2-300x300.jpg\" alt=\"\" width=\"900\" height=\"1603\" srcset=\"https:\/\/www.eeelmas.com\/wp-content\/uploads\/2022\/10\/2QAK234-2-600x1068.jpg 600w, https:\/\/www.eeelmas.com\/wp-content\/uploads\/2022\/10\/2QAK234-2-863x1536.jpg 863w, https:\/\/www.eeelmas.com\/wp-content\/uploads\/2022\/10\/2QAK234-2-168x300.jpg 168w, https:\/\/www.eeelmas.com\/wp-content\/uploads\/2022\/10\/2QAK234-2.jpg 876w\" sizes=\"auto, (max-width: 900px) 100vw, 900px\" \/><\/p>\n","protected":false},"excerpt":{"rendered":"<p lang=\"tr-TR\"><span style=\"color: #7f00ff; font-size: 14pt;\"><span style=\"font-family: Tahoma, serif;\">D\u00fcnya<\/span><\/span><\/p>\n<p lang=\"tr-TR\"><span style=\"color: #7f00ff; font-size: 14pt;\"><span style=\"font-family: Tahoma, serif;\">D\u00fcnya&#8217;y\u0131 g\u00f6rd\u00fck\u00e7e, hayatta ne kadar da sonsuz g\u00fczellikler var diye d\u00fc\u015f\u00fcnemeden edemiyorum, sevgili yolda\u015f. Ay ta\u015f\u0131ndan (\u00e7ap\u0131 1 cm) imal edilen bu g\u00fczelli\u011fin genel \u00e7ap\u0131 7,5 cm, dolay\u0131s\u0131yla da uzunlu\u011fu 15 cm&#8217;dir. Bileklik olduk\u00e7a esnek, parlak ve \u015feffaf olan bir ipin \u00fczerine dizayn edilmi\u015ftir. Aralar\u0131ndaki g\u00fcm\u00fc\u015f rengindeki Gotik stili \u00e7izimli halkan\u0131n eni ise 0,8 cm&#8217;dir. Fiyat\u0131 ise Kargo dahil 710 TL.<\/span><\/span><\/p>\n<p lang=\"tr-TR\"><span style=\"color: #7f00ff; font-size: 14pt;\"><span style=\"font-family: Tahoma, serif;\">Ay ta\u015f\u0131 g\u00f6zlerimizi, dolay\u0131s\u0131yla ruhumuzu a\u00e7t\u0131\u011f\u0131 i\u00e7in, realiteyi kuruntudan (yalandan) net ay\u0131rt edebilme olgusunu bize hediye eder. \u0130nsani ileti\u015fimi harika bir d\u00fczeye getirerek, do\u011fay\u0131 da sevip say\u0131p ona ba\u011flanmam\u0131z\u0131 da sa\u011flar.<\/span><\/span><\/p>\n","protected":false},"featured_media":4768,"comment_status":"open","ping_status":"closed","template":"","meta":{"_uag_custom_page_level_css":""},"product_brand":[],"product_cat":[36],"product_tag":[],"class_list":{"0":"post-4766","1":"product","2":"type-product","3":"status-publish","4":"has-post-thumbnail","6":"product_cat-unkategorisiert","8":"first","9":"instock","10":"taxable","11":"shipping-taxable","12":"purchasable","13":"product-type-simple"},"uagb_featured_image_src":{"full":["https:\/\/www.eeelmas.com\/wp-content\/uploads\/2022\/10\/30Q9G5P-1.jpg",876,1560,false],"thumbnail":["https:\/\/www.eeelmas.com\/wp-content\/uploads\/2022\/10\/30Q9G5P-1-150x150.jpg",150,150,true],"medium":["https:\/\/www.eeelmas.com\/wp-content\/uploads\/2022\/10\/30Q9G5P-1-300x300.jpg",300,300,true],"medium_large":["https:\/\/www.eeelmas.com\/wp-content\/uploads\/2022\/10\/30Q9G5P-1-768x768.jpg",768,768,true],"large":["https:\/\/www.eeelmas.com\/wp-content\/uploads\/2022\/10\/30Q9G5P-1-876x1024.jpg",876,1024,true],"1536x1536":["https:\/\/www.eeelmas.com\/wp-content\/uploads\/2022\/10\/30Q9G5P-1-863x1536.jpg",863,1536,true],"2048x2048":["https:\/\/www.eeelmas.com\/wp-content\/uploads\/2022\/10\/30Q9G5P-1.jpg",876,1560,false],"post-thumbnail":["https:\/\/www.eeelmas.com\/wp-content\/uploads\/2022\/10\/30Q9G5P-1-168x300.jpg",168,300,true],"bravada-featured":["https:\/\/www.eeelmas.com\/wp-content\/uploads\/2022\/10\/30Q9G5P-1-583x300.jpg",583,300,true],"bravada-featured-lp":["https:\/\/www.eeelmas.com\/wp-content\/uploads\/2022\/10\/30Q9G5P-1-620x300.jpg",620,300,true],"bravada-featured-half":["https:\/\/www.eeelmas.com\/wp-content\/uploads\/2022\/10\/30Q9G5P-1-800x300.jpg",800,300,true],"bravada-featured-third":["https:\/\/www.eeelmas.com\/wp-content\/uploads\/2022\/10\/30Q9G5P-1-512x300.jpg",512,300,true],"bravada-lpbox-1":["https:\/\/www.eeelmas.com\/wp-content\/uploads\/2022\/10\/30Q9G5P-1-640x300.jpg",640,300,true],"bravada-lpbox-2":["https:\/\/www.eeelmas.com\/wp-content\/uploads\/2022\/10\/30Q9G5P-1-413x300.jpg",413,300,true],"woocommerce_thumbnail":["https:\/\/www.eeelmas.com\/wp-content\/uploads\/2022\/10\/30Q9G5P-1-300x300.jpg",300,300,true],"woocommerce_single":["https:\/\/www.eeelmas.com\/wp-content\/uploads\/2022\/10\/30Q9G5P-1-600x1068.jpg",600,1068,true],"woocommerce_gallery_thumbnail":["https:\/\/www.eeelmas.com\/wp-content\/uploads\/2022\/10\/30Q9G5P-1-100x100.jpg",100,100,true]},"uagb_author_info":{"display_name":"elmas","author_link":"https:\/\/www.eeelmas.com\/index.php\/author\/"},"uagb_comment_info":0,"uagb_excerpt":"D\u00fcnya D\u00fcnya'y\u0131 g\u00f6rd\u00fck\u00e7e, hayatta ne kadar da sonsuz g\u00fczellikler var diye d\u00fc\u015f\u00fcnemeden edemiyorum, sevgili yolda\u015f. Ay ta\u015f\u0131ndan (\u00e7ap\u0131 1 cm) imal edilen bu g\u00fczelli\u011fin genel \u00e7ap\u0131 7,5 cm, dolay\u0131s\u0131yla da uzunlu\u011fu 15 cm'dir. Bileklik olduk\u00e7a esnek, parlak ve \u015feffaf olan bir ipin \u00fczerine dizayn edilmi\u015ftir. Aralar\u0131ndaki g\u00fcm\u00fc\u015f rengindeki Gotik stili \u00e7izimli halkan\u0131n eni ise 0,8&hellip;","_links":{"self":[{"href":"https:\/\/www.eeelmas.com\/index.php\/wp-json\/wp\/v2\/product\/4766","targetHints":{"allow":["GET"]}}],"collection":[{"href":"https:\/\/www.eeelmas.com\/index.php\/wp-json\/wp\/v2\/product"}],"about":[{"href":"https:\/\/www.eeelmas.com\/index.php\/wp-json\/wp\/v2\/types\/product"}],"replies":[{"embeddable":true,"href":"https:\/\/www.eeelmas.com\/index.php\/wp-json\/wp\/v2\/comments?post=4766"}],"wp:featuredmedia":[{"embeddable":true,"href":"https:\/\/www.eeelmas.com\/index.php\/wp-json\/wp\/v2\/media\/4768"}],"wp:attachment":[{"href":"https:\/\/www.eeelmas.com\/index.php\/wp-json\/wp\/v2\/media?parent=4766"}],"wp:term":[{"taxonomy":"product_brand","embeddable":true,"href":"https:\/\/www.eeelmas.com\/index.php\/wp-json\/wp\/v2\/product_brand?post=4766"},{"taxonomy":"product_cat","embeddable":true,"href":"https:\/\/www.eeelmas.com\/index.php\/wp-json\/wp\/v2\/product_cat?post=4766"},{"taxonomy":"product_tag","embeddable":true,"href":"https:\/\/www.eeelmas.com\/index.php\/wp-json\/wp\/v2\/product_tag?post=4766"}],"curies":[{"name":"wp","href":"https:\/\/api.w.org\/{rel}","templated":true}]}}