{"id":4773,"date":"2022-10-24T08:49:01","date_gmt":"2022-10-24T06:49:01","guid":{"rendered":"https:\/\/www.eeelmas.com\/?post_type=product&#038;p=4773"},"modified":"2022-10-24T08:49:01","modified_gmt":"2022-10-24T06:49:01","slug":"zerafet","status":"publish","type":"product","link":"https:\/\/www.eeelmas.com\/index.php\/produkt\/zerafet\/","title":{"rendered":"Zerafet"},"content":{"rendered":"<p><img loading=\"lazy\" decoding=\"async\" class=\"aligncenter wp-image-4775\" src=\"https:\/\/www.eeelmas.com\/wp-content\/uploads\/2022\/10\/1-3-300x300.jpg\" alt=\"\" width=\"900\" height=\"1603\" srcset=\"https:\/\/www.eeelmas.com\/wp-content\/uploads\/2022\/10\/1-3-600x1068.jpg 600w, https:\/\/www.eeelmas.com\/wp-content\/uploads\/2022\/10\/1-3-863x1536.jpg 863w, https:\/\/www.eeelmas.com\/wp-content\/uploads\/2022\/10\/1-3-1150x2048.jpg 1150w, https:\/\/www.eeelmas.com\/wp-content\/uploads\/2022\/10\/1-3-168x300.jpg 168w, https:\/\/www.eeelmas.com\/wp-content\/uploads\/2022\/10\/1-3.jpg 1168w\" sizes=\"auto, (max-width: 900px) 100vw, 900px\" \/><\/p>\n","protected":false},"excerpt":{"rendered":"<p lang=\"tr-TR\"><span style=\"color: #7f00ff; font-size: 14pt;\"><span style=\"font-family: Tahoma, serif;\">Zerafet<\/span><\/span><\/p>\n<p><span style=\"font-size: 14pt; color: #7f00ff;\"><span style=\"font-family: Tahoma, serif;\"><span lang=\"tr-TR\">Zerafetin \u00f6zelliklerinden birisi, onun sevgi ta\u015f\u0131 olan Pembe Kuvars&#8217;dan (\u00e7ap\u0131 1 cm) tasar\u0131mlanm\u0131\u015f olmas\u0131d\u0131r. Sevgi ise insan\u0131 tamamlar ve t\u00fcmler. Pembe Kuvarslar\u0131 tamamlayan ise 4 mm kal\u0131nl\u0131\u011f\u0131nda olan buz mavisi cam boncuklard\u0131r. Bilekli\u011fin cap\u0131 ise 8 cm, dolay\u0131s\u0131yla uzunlu\u011fu ise 16 cm\u2019dir. B\u00f6ylelikle bileklik o kadar enfes uyu\u015ftu ki ta\u015flar\u0131n birbirini destekleyen rengiyle. Hele hele ta\u015flar\u0131n do\u011fal olmas\u0131 da insan\u0131 \u015fa\u015f\u0131rtmadan etmiyor. D\u00fc\u015f\u00fcnebiliyor musun, Pembe Kuvars kayalar\u0131n aral\u0131\u011f\u0131ndan, dahas\u0131 Magma&#8217;dan \u00e7\u0131kmad\u0131r. Bileklik esnek ve kal\u0131n bir elastik ipe dizilmi\u015ftir, dolay\u0131s\u0131yla onu bile\u011fine tak\u0131p \u00e7\u0131kartt\u0131k\u00e7a zorluk \u00e7ekmezsin. Pembe Kuvars kadim arkada\u015fl\u0131\u011f\u0131n ve dostlu\u011fun ta\u015f\u0131d\u0131r. Ve aslen hem v\u00fcc\u00fctsal anlamda hem ruhi anlamda kalbin ta\u015f\u0131d\u0131r. Ta\u015f\u0131y\u0131c\u0131s\u0131na \u00f6z emniyet ve huzur verir.\u00a0<\/span><\/span><span style=\"font-family: Tahoma, serif;\"><span lang=\"tr-TR\">Fiyat\u0131 ise Kargo dahil 550 TL.<\/span><\/span><\/span><\/p>\n","protected":false},"featured_media":4774,"comment_status":"open","ping_status":"closed","template":"","meta":{"_uag_custom_page_level_css":""},"product_brand":[],"product_cat":[36],"product_tag":[],"class_list":{"0":"post-4773","1":"product","2":"type-product","3":"status-publish","4":"has-post-thumbnail","6":"product_cat-unkategorisiert","8":"first","9":"instock","10":"taxable","11":"shipping-taxable","12":"purchasable","13":"product-type-simple"},"uagb_featured_image_src":{"full":["https:\/\/www.eeelmas.com\/wp-content\/uploads\/2022\/10\/2GI3O1D-e1666594108766.jpg",866,301,false],"thumbnail":["https:\/\/www.eeelmas.com\/wp-content\/uploads\/2022\/10\/2GI3O1D-e1666594108766-150x150.jpg",150,150,true],"medium":["https:\/\/www.eeelmas.com\/wp-content\/uploads\/2022\/10\/2GI3O1D-e1666594108766-300x300.jpg",300,300,true],"medium_large":["https:\/\/www.eeelmas.com\/wp-content\/uploads\/2022\/10\/2GI3O1D-e1666594108766-768x301.jpg",768,301,true],"large":["https:\/\/www.eeelmas.com\/wp-content\/uploads\/2022\/10\/2GI3O1D-e1666594108766.jpg",866,301,false],"1536x1536":["https:\/\/www.eeelmas.com\/wp-content\/uploads\/2022\/10\/2GI3O1D-e1666594108766.jpg",866,301,false],"2048x2048":["https:\/\/www.eeelmas.com\/wp-content\/uploads\/2022\/10\/2GI3O1D-e1666594108766.jpg",866,301,false],"post-thumbnail":["https:\/\/www.eeelmas.com\/wp-content\/uploads\/2022\/10\/2GI3O1D-e1666594108766-583x203.jpg",583,203,true],"bravada-featured":["https:\/\/www.eeelmas.com\/wp-content\/uploads\/2022\/10\/2GI3O1D-e1666594108766-583x300.jpg",583,300,true],"bravada-featured-lp":["https:\/\/www.eeelmas.com\/wp-content\/uploads\/2022\/10\/2GI3O1D-e1666594108766-620x300.jpg",620,300,true],"bravada-featured-half":["https:\/\/www.eeelmas.com\/wp-content\/uploads\/2022\/10\/2GI3O1D-e1666594108766-800x300.jpg",800,300,true],"bravada-featured-third":["https:\/\/www.eeelmas.com\/wp-content\/uploads\/2022\/10\/2GI3O1D-e1666594108766-512x300.jpg",512,300,true],"bravada-lpbox-1":["https:\/\/www.eeelmas.com\/wp-content\/uploads\/2022\/10\/2GI3O1D-e1666594108766-640x300.jpg",640,300,true],"bravada-lpbox-2":["https:\/\/www.eeelmas.com\/wp-content\/uploads\/2022\/10\/2GI3O1D-e1666594108766-413x300.jpg",413,300,true],"woocommerce_thumbnail":["https:\/\/www.eeelmas.com\/wp-content\/uploads\/2022\/10\/2GI3O1D-e1666594108766-300x300.jpg",300,300,true],"woocommerce_single":["https:\/\/www.eeelmas.com\/wp-content\/uploads\/2022\/10\/2GI3O1D-e1666594108766-600x209.jpg",600,209,true],"woocommerce_gallery_thumbnail":["https:\/\/www.eeelmas.com\/wp-content\/uploads\/2022\/10\/2GI3O1D-e1666594108766-100x100.jpg",100,100,true]},"uagb_author_info":{"display_name":"elmas","author_link":"https:\/\/www.eeelmas.com\/index.php\/author\/"},"uagb_comment_info":0,"uagb_excerpt":"Zerafet Zerafetin \u00f6zelliklerinden birisi, onun sevgi ta\u015f\u0131 olan Pembe Kuvars'dan (\u00e7ap\u0131 1 cm) tasar\u0131mlanm\u0131\u015f olmas\u0131d\u0131r. Sevgi ise insan\u0131 tamamlar ve t\u00fcmler. Pembe Kuvarslar\u0131 tamamlayan ise 4 mm kal\u0131nl\u0131\u011f\u0131nda olan buz mavisi cam boncuklard\u0131r. Bilekli\u011fin cap\u0131 ise 8 cm, dolay\u0131s\u0131yla uzunlu\u011fu ise 16 cm\u2019dir. B\u00f6ylelikle bileklik o kadar enfes uyu\u015ftu ki ta\u015flar\u0131n birbirini destekleyen rengiyle. Hele&hellip;","_links":{"self":[{"href":"https:\/\/www.eeelmas.com\/index.php\/wp-json\/wp\/v2\/product\/4773","targetHints":{"allow":["GET"]}}],"collection":[{"href":"https:\/\/www.eeelmas.com\/index.php\/wp-json\/wp\/v2\/product"}],"about":[{"href":"https:\/\/www.eeelmas.com\/index.php\/wp-json\/wp\/v2\/types\/product"}],"replies":[{"embeddable":true,"href":"https:\/\/www.eeelmas.com\/index.php\/wp-json\/wp\/v2\/comments?post=4773"}],"wp:featuredmedia":[{"embeddable":true,"href":"https:\/\/www.eeelmas.com\/index.php\/wp-json\/wp\/v2\/media\/4774"}],"wp:attachment":[{"href":"https:\/\/www.eeelmas.com\/index.php\/wp-json\/wp\/v2\/media?parent=4773"}],"wp:term":[{"taxonomy":"product_brand","embeddable":true,"href":"https:\/\/www.eeelmas.com\/index.php\/wp-json\/wp\/v2\/product_brand?post=4773"},{"taxonomy":"product_cat","embeddable":true,"href":"https:\/\/www.eeelmas.com\/index.php\/wp-json\/wp\/v2\/product_cat?post=4773"},{"taxonomy":"product_tag","embeddable":true,"href":"https:\/\/www.eeelmas.com\/index.php\/wp-json\/wp\/v2\/product_tag?post=4773"}],"curies":[{"name":"wp","href":"https:\/\/api.w.org\/{rel}","templated":true}]}}