{"id":4776,"date":"2022-10-24T08:54:20","date_gmt":"2022-10-24T06:54:20","guid":{"rendered":"https:\/\/www.eeelmas.com\/?post_type=product&#038;p=4776"},"modified":"2022-10-24T08:54:21","modified_gmt":"2022-10-24T06:54:21","slug":"pembe","status":"publish","type":"product","link":"https:\/\/www.eeelmas.com\/index.php\/produkt\/pembe\/","title":{"rendered":"Pembe"},"content":{"rendered":"<p><img loading=\"lazy\" decoding=\"async\" class=\"aligncenter wp-image-4778\" src=\"https:\/\/www.eeelmas.com\/wp-content\/uploads\/2022\/10\/2TG647F-300x300.jpg\" alt=\"\" width=\"900\" height=\"505\" srcset=\"https:\/\/www.eeelmas.com\/wp-content\/uploads\/2022\/10\/2TG647F-600x337.jpg 600w, https:\/\/www.eeelmas.com\/wp-content\/uploads\/2022\/10\/2TG647F-1536x863.jpg 1536w, https:\/\/www.eeelmas.com\/wp-content\/uploads\/2022\/10\/2TG647F-534x300.jpg 534w, https:\/\/www.eeelmas.com\/wp-content\/uploads\/2022\/10\/2TG647F.jpg 1560w\" sizes=\"auto, (max-width: 900px) 100vw, 900px\" \/><\/p>\n","protected":false},"excerpt":{"rendered":"<p lang=\"tr-TR\"><span style=\"color: #7f00ff; font-size: 14pt;\"><span style=\"font-family: Tahoma, serif;\">Pembe<\/span><\/span><\/p>\n<p><span style=\"font-size: 14pt; color: #7f00ff;\"><span style=\"font-family: Tahoma, serif;\"><span lang=\"tr-TR\">Pembe Kuvars ta\u015flar\u0131yla (eni 1 cm) Shamballa tekni\u011fi sayesinde pembe bilezik can bulmu\u015ftur. Parlak, kal\u0131n ve dayan\u0131kl\u0131 bir ip ile \u00f6r\u00fclm\u00fc\u015ft\u00fcr. Bilekli\u011fin \u00e7ap\u0131 ise 9 cm\u2019dir ve iple s\u00fcrg\u00fcl\u00fc modeline sahiptir, dolay\u0131s\u0131yla onu dilersen e\u011fer takriben 3 cm daha bile\u011fine uygun bir hale getirebilirsin, e\u011fer bile\u011fin hafif kuvvetliyse. <\/span><\/span><span style=\"font-family: Tahoma, serif;\"><span lang=\"tr-TR\">Ucunda ise 4 tane 4 mm \u00e7ap\u0131nda z\u00fcmr\u00fct ye\u015fili parlak cam boncuklar vard\u0131r.<\/span><\/span><span style=\"font-family: Tahoma, serif;\"><span lang=\"tr-TR\">Pembe Kuvars her konuda verimlili\u011fi, do\u011furganl\u0131\u011f\u0131 ve \u00fcretimi art\u0131r\u0131r. Olaylara kar\u015f\u0131 hassasiyet verir ve her t\u00fcr ayr\u0131l\u0131k ac\u0131s\u0131n\u0131 dindirme \u00f6zelli\u011fi vard\u0131r.\u00a0<\/span><\/span><span style=\"font-family: Tahoma, serif;\"><span lang=\"tr-TR\">Fiyat\u0131 ise Kargo dahil 770 TL.<\/span><\/span><\/span><\/p>\n","protected":false},"featured_media":4777,"comment_status":"open","ping_status":"closed","template":"","meta":{"_uag_custom_page_level_css":""},"product_brand":[],"product_cat":[36],"product_tag":[],"class_list":{"0":"post-4776","1":"product","2":"type-product","3":"status-publish","4":"has-post-thumbnail","6":"product_cat-unkategorisiert","8":"first","9":"instock","10":"taxable","11":"shipping-taxable","12":"purchasable","13":"product-type-simple"},"uagb_featured_image_src":{"full":["https:\/\/www.eeelmas.com\/wp-content\/uploads\/2022\/10\/18M428P-1.jpg",1170,657,false],"thumbnail":["https:\/\/www.eeelmas.com\/wp-content\/uploads\/2022\/10\/18M428P-1-150x150.jpg",150,150,true],"medium":["https:\/\/www.eeelmas.com\/wp-content\/uploads\/2022\/10\/18M428P-1-300x300.jpg",300,300,true],"medium_large":["https:\/\/www.eeelmas.com\/wp-content\/uploads\/2022\/10\/18M428P-1-768x657.jpg",768,657,true],"large":["https:\/\/www.eeelmas.com\/wp-content\/uploads\/2022\/10\/18M428P-1-1024x657.jpg",1024,657,true],"1536x1536":["https:\/\/www.eeelmas.com\/wp-content\/uploads\/2022\/10\/18M428P-1.jpg",1170,657,false],"2048x2048":["https:\/\/www.eeelmas.com\/wp-content\/uploads\/2022\/10\/18M428P-1.jpg",1170,657,false],"post-thumbnail":["https:\/\/www.eeelmas.com\/wp-content\/uploads\/2022\/10\/18M428P-1-534x300.jpg",534,300,true],"bravada-featured":["https:\/\/www.eeelmas.com\/wp-content\/uploads\/2022\/10\/18M428P-1-583x300.jpg",583,300,true],"bravada-featured-lp":["https:\/\/www.eeelmas.com\/wp-content\/uploads\/2022\/10\/18M428P-1-620x300.jpg",620,300,true],"bravada-featured-half":["https:\/\/www.eeelmas.com\/wp-content\/uploads\/2022\/10\/18M428P-1-800x300.jpg",800,300,true],"bravada-featured-third":["https:\/\/www.eeelmas.com\/wp-content\/uploads\/2022\/10\/18M428P-1-512x300.jpg",512,300,true],"bravada-lpbox-1":["https:\/\/www.eeelmas.com\/wp-content\/uploads\/2022\/10\/18M428P-1-640x300.jpg",640,300,true],"bravada-lpbox-2":["https:\/\/www.eeelmas.com\/wp-content\/uploads\/2022\/10\/18M428P-1-413x300.jpg",413,300,true],"woocommerce_thumbnail":["https:\/\/www.eeelmas.com\/wp-content\/uploads\/2022\/10\/18M428P-1-300x300.jpg",300,300,true],"woocommerce_single":["https:\/\/www.eeelmas.com\/wp-content\/uploads\/2022\/10\/18M428P-1-600x337.jpg",600,337,true],"woocommerce_gallery_thumbnail":["https:\/\/www.eeelmas.com\/wp-content\/uploads\/2022\/10\/18M428P-1-100x100.jpg",100,100,true]},"uagb_author_info":{"display_name":"elmas","author_link":"https:\/\/www.eeelmas.com\/index.php\/author\/"},"uagb_comment_info":0,"uagb_excerpt":"Pembe Pembe Kuvars ta\u015flar\u0131yla (eni 1 cm) Shamballa tekni\u011fi sayesinde pembe bilezik can bulmu\u015ftur. Parlak, kal\u0131n ve dayan\u0131kl\u0131 bir ip ile \u00f6r\u00fclm\u00fc\u015ft\u00fcr. Bilekli\u011fin \u00e7ap\u0131 ise 9 cm\u2019dir ve iple s\u00fcrg\u00fcl\u00fc modeline sahiptir, dolay\u0131s\u0131yla onu dilersen e\u011fer takriben 3 cm daha bile\u011fine uygun bir hale getirebilirsin, e\u011fer bile\u011fin hafif kuvvetliyse. Ucunda ise 4 tane 4 mm&hellip;","_links":{"self":[{"href":"https:\/\/www.eeelmas.com\/index.php\/wp-json\/wp\/v2\/product\/4776","targetHints":{"allow":["GET"]}}],"collection":[{"href":"https:\/\/www.eeelmas.com\/index.php\/wp-json\/wp\/v2\/product"}],"about":[{"href":"https:\/\/www.eeelmas.com\/index.php\/wp-json\/wp\/v2\/types\/product"}],"replies":[{"embeddable":true,"href":"https:\/\/www.eeelmas.com\/index.php\/wp-json\/wp\/v2\/comments?post=4776"}],"wp:featuredmedia":[{"embeddable":true,"href":"https:\/\/www.eeelmas.com\/index.php\/wp-json\/wp\/v2\/media\/4777"}],"wp:attachment":[{"href":"https:\/\/www.eeelmas.com\/index.php\/wp-json\/wp\/v2\/media?parent=4776"}],"wp:term":[{"taxonomy":"product_brand","embeddable":true,"href":"https:\/\/www.eeelmas.com\/index.php\/wp-json\/wp\/v2\/product_brand?post=4776"},{"taxonomy":"product_cat","embeddable":true,"href":"https:\/\/www.eeelmas.com\/index.php\/wp-json\/wp\/v2\/product_cat?post=4776"},{"taxonomy":"product_tag","embeddable":true,"href":"https:\/\/www.eeelmas.com\/index.php\/wp-json\/wp\/v2\/product_tag?post=4776"}],"curies":[{"name":"wp","href":"https:\/\/api.w.org\/{rel}","templated":true}]}}